{"id":8208,"date":"2022-03-01T19:14:21","date_gmt":"2022-03-01T19:14:21","guid":{"rendered":"https:\/\/olelule.com\/?post_type=product&#038;p=8208"},"modified":"2023-03-10T09:39:56","modified_gmt":"2023-03-10T09:39:56","slug":"carlit","status":"publish","type":"product","link":"https:\/\/olelule.com\/es\/producte\/carlit\/","title":{"rendered":"Carlit"},"content":{"rendered":"","protected":false},"excerpt":{"rendered":"<p>Mantel de pvc con una capa de protecci\u00f3n superior y soporte de algod\u00f3n 100% en la parte inferior.<br \/>\nLarga durada, protege la mesa y se limpia con un pa\u00f1o h\u00famedo.<br \/>\nImpermeable y resistente a los rasgu\u00f1os, l\u00edquidos y salsas.<\/p>\n","protected":false},"featured_media":8209,"template":"","meta":{"_joinchat":[]},"product_brand":[],"product_cat":[166],"product_tag":[],"class_list":{"0":"post-8208","1":"product","2":"type-product","3":"status-publish","4":"has-post-thumbnail","6":"product_cat-hules-dalta-qualitat","8":"first","9":"instock","10":"taxable","11":"shipping-taxable","12":"purchasable","13":"product-type-simple"},"yoast_head":"<!-- This site is optimized with the Yoast SEO plugin v27.4 - https:\/\/yoast.com\/product\/yoast-seo-wordpress\/ -->\n<title>Carlit - Olelule<\/title>\n<meta name=\"robots\" content=\"index, follow, max-snippet:-1, max-image-preview:large, max-video-preview:-1\" \/>\n<link rel=\"canonical\" href=\"https:\/\/olelule.com\/producte\/carlit\/\" \/>\n<meta property=\"og:locale\" content=\"es_ES\" \/>\n<meta property=\"og:type\" content=\"article\" \/>\n<meta property=\"og:title\" content=\"Carlit - Olelule\" \/>\n<meta property=\"og:description\" content=\"Mantel de pvc con una capa de protecci\u00f3n superior y soporte de algod\u00f3n 100% en la parte inferior. Larga durada, protege la mesa y se limpia con un pa\u00f1o h\u00famedo. Impermeable y resistente a los rasgu\u00f1os, l\u00edquidos y salsas.\" \/>\n<meta property=\"og:url\" content=\"https:\/\/olelule.com\/producte\/carlit\/\" \/>\n<meta property=\"og:site_name\" content=\"Olelule\" \/>\n<meta property=\"article:modified_time\" content=\"2023-03-10T09:39:56+00:00\" \/>\n<meta property=\"og:image\" content=\"https:\/\/olelule.com\/wp-content\/uploads\/2022\/03\/130-2010055004_lux_550_4.jpg\" \/>\n\t<meta property=\"og:image:width\" content=\"668\" \/>\n\t<meta property=\"og:image:height\" content=\"669\" \/>\n\t<meta property=\"og:image:type\" content=\"image\/jpeg\" \/>\n<meta name=\"twitter:card\" content=\"summary_large_image\" \/>\n<script type=\"application\/ld+json\" class=\"yoast-schema-graph\">{\"@context\":\"https:\\\/\\\/schema.org\",\"@graph\":[{\"@type\":\"WebPage\",\"@id\":\"https:\\\/\\\/olelule.com\\\/producte\\\/carlit\\\/\",\"url\":\"https:\\\/\\\/olelule.com\\\/producte\\\/carlit\\\/\",\"name\":\"Carlit - Olelule\",\"isPartOf\":{\"@id\":\"https:\\\/\\\/olelule.com\\\/#website\"},\"primaryImageOfPage\":{\"@id\":\"https:\\\/\\\/olelule.com\\\/producte\\\/carlit\\\/#primaryimage\"},\"image\":{\"@id\":\"https:\\\/\\\/olelule.com\\\/producte\\\/carlit\\\/#primaryimage\"},\"thumbnailUrl\":\"https:\\\/\\\/olelule.com\\\/wp-content\\\/uploads\\\/2022\\\/03\\\/130-2010055004_lux_550_4.jpg\",\"datePublished\":\"2022-03-01T19:14:21+00:00\",\"dateModified\":\"2023-03-10T09:39:56+00:00\",\"breadcrumb\":{\"@id\":\"https:\\\/\\\/olelule.com\\\/producte\\\/carlit\\\/#breadcrumb\"},\"inLanguage\":\"es\",\"potentialAction\":[{\"@type\":\"ReadAction\",\"target\":[\"https:\\\/\\\/olelule.com\\\/producte\\\/carlit\\\/\"]}]},{\"@type\":\"ImageObject\",\"inLanguage\":\"es\",\"@id\":\"https:\\\/\\\/olelule.com\\\/producte\\\/carlit\\\/#primaryimage\",\"url\":\"https:\\\/\\\/olelule.com\\\/wp-content\\\/uploads\\\/2022\\\/03\\\/130-2010055004_lux_550_4.jpg\",\"contentUrl\":\"https:\\\/\\\/olelule.com\\\/wp-content\\\/uploads\\\/2022\\\/03\\\/130-2010055004_lux_550_4.jpg\",\"width\":668,\"height\":669},{\"@type\":\"BreadcrumbList\",\"@id\":\"https:\\\/\\\/olelule.com\\\/producte\\\/carlit\\\/#breadcrumb\",\"itemListElement\":[{\"@type\":\"ListItem\",\"position\":1,\"name\":\"Inici\",\"item\":\"https:\\\/\\\/olelule.com\\\/\"},{\"@type\":\"ListItem\",\"position\":2,\"name\":\"Productes\",\"item\":\"https:\\\/\\\/olelule.com\\\/shop\\\/\"},{\"@type\":\"ListItem\",\"position\":3,\"name\":\"Carlit\"}]},{\"@type\":\"WebSite\",\"@id\":\"https:\\\/\\\/olelule.com\\\/#website\",\"url\":\"https:\\\/\\\/olelule.com\\\/\",\"name\":\"Olelule\",\"description\":\"Estovalles d&#039;hule i altres articles t\u00e8xtils\",\"potentialAction\":[{\"@type\":\"SearchAction\",\"target\":{\"@type\":\"EntryPoint\",\"urlTemplate\":\"https:\\\/\\\/olelule.com\\\/?s={search_term_string}\"},\"query-input\":{\"@type\":\"PropertyValueSpecification\",\"valueRequired\":true,\"valueName\":\"search_term_string\"}}],\"inLanguage\":\"es\"}]}<\/script>\n<!-- \/ Yoast SEO plugin. -->","yoast_head_json":{"title":"Carlit - Olelule","robots":{"index":"index","follow":"follow","max-snippet":"max-snippet:-1","max-image-preview":"max-image-preview:large","max-video-preview":"max-video-preview:-1"},"canonical":"https:\/\/olelule.com\/producte\/carlit\/","og_locale":"es_ES","og_type":"article","og_title":"Carlit - Olelule","og_description":"Mantel de pvc con una capa de protecci\u00f3n superior y soporte de algod\u00f3n 100% en la parte inferior. Larga durada, protege la mesa y se limpia con un pa\u00f1o h\u00famedo. Impermeable y resistente a los rasgu\u00f1os, l\u00edquidos y salsas.","og_url":"https:\/\/olelule.com\/producte\/carlit\/","og_site_name":"Olelule","article_modified_time":"2023-03-10T09:39:56+00:00","og_image":[{"width":668,"height":669,"url":"https:\/\/olelule.com\/wp-content\/uploads\/2022\/03\/130-2010055004_lux_550_4.jpg","type":"image\/jpeg"}],"twitter_card":"summary_large_image","schema":{"@context":"https:\/\/schema.org","@graph":[{"@type":"WebPage","@id":"https:\/\/olelule.com\/producte\/carlit\/","url":"https:\/\/olelule.com\/producte\/carlit\/","name":"Carlit - Olelule","isPartOf":{"@id":"https:\/\/olelule.com\/#website"},"primaryImageOfPage":{"@id":"https:\/\/olelule.com\/producte\/carlit\/#primaryimage"},"image":{"@id":"https:\/\/olelule.com\/producte\/carlit\/#primaryimage"},"thumbnailUrl":"https:\/\/olelule.com\/wp-content\/uploads\/2022\/03\/130-2010055004_lux_550_4.jpg","datePublished":"2022-03-01T19:14:21+00:00","dateModified":"2023-03-10T09:39:56+00:00","breadcrumb":{"@id":"https:\/\/olelule.com\/producte\/carlit\/#breadcrumb"},"inLanguage":"es","potentialAction":[{"@type":"ReadAction","target":["https:\/\/olelule.com\/producte\/carlit\/"]}]},{"@type":"ImageObject","inLanguage":"es","@id":"https:\/\/olelule.com\/producte\/carlit\/#primaryimage","url":"https:\/\/olelule.com\/wp-content\/uploads\/2022\/03\/130-2010055004_lux_550_4.jpg","contentUrl":"https:\/\/olelule.com\/wp-content\/uploads\/2022\/03\/130-2010055004_lux_550_4.jpg","width":668,"height":669},{"@type":"BreadcrumbList","@id":"https:\/\/olelule.com\/producte\/carlit\/#breadcrumb","itemListElement":[{"@type":"ListItem","position":1,"name":"Inici","item":"https:\/\/olelule.com\/"},{"@type":"ListItem","position":2,"name":"Productes","item":"https:\/\/olelule.com\/shop\/"},{"@type":"ListItem","position":3,"name":"Carlit"}]},{"@type":"WebSite","@id":"https:\/\/olelule.com\/#website","url":"https:\/\/olelule.com\/","name":"Olelule","description":"Estovalles d&#039;hule i altres articles t\u00e8xtils","potentialAction":[{"@type":"SearchAction","target":{"@type":"EntryPoint","urlTemplate":"https:\/\/olelule.com\/?s={search_term_string}"},"query-input":{"@type":"PropertyValueSpecification","valueRequired":true,"valueName":"search_term_string"}}],"inLanguage":"es"}]}},"_links":{"self":[{"href":"https:\/\/olelule.com\/es\/wp-json\/wp\/v2\/product\/8208","targetHints":{"allow":["GET"]}}],"collection":[{"href":"https:\/\/olelule.com\/es\/wp-json\/wp\/v2\/product"}],"about":[{"href":"https:\/\/olelule.com\/es\/wp-json\/wp\/v2\/types\/product"}],"wp:featuredmedia":[{"embeddable":true,"href":"https:\/\/olelule.com\/es\/wp-json\/wp\/v2\/media\/8209"}],"wp:attachment":[{"href":"https:\/\/olelule.com\/es\/wp-json\/wp\/v2\/media?parent=8208"}],"wp:term":[{"taxonomy":"product_brand","embeddable":true,"href":"https:\/\/olelule.com\/es\/wp-json\/wp\/v2\/product_brand?post=8208"},{"taxonomy":"product_cat","embeddable":true,"href":"https:\/\/olelule.com\/es\/wp-json\/wp\/v2\/product_cat?post=8208"},{"taxonomy":"product_tag","embeddable":true,"href":"https:\/\/olelule.com\/es\/wp-json\/wp\/v2\/product_tag?post=8208"}],"curies":[{"name":"wp","href":"https:\/\/api.w.org\/{rel}","templated":true}]}}