{"id":8129,"date":"2022-01-24T17:24:19","date_gmt":"2022-01-24T17:24:19","guid":{"rendered":"https:\/\/olelule.com\/?post_type=product&#038;p=8129"},"modified":"2025-01-12T18:08:56","modified_gmt":"2025-01-12T18:08:56","slug":"paris","status":"publish","type":"product","link":"https:\/\/olelule.com\/es\/producte\/paris\/","title":{"rendered":"Camps"},"content":{"rendered":"","protected":false},"excerpt":{"rendered":"<p>Mantel textil de calidad con una capa de resina a la parte superior que la protege de las manchas. Impermeable y resistente.<br \/>\nF\u00e1cil de limpiar con un pa\u00f1o h\u00famedo y puede limpiarse a la lavadora.<\/p>\n","protected":false},"featured_media":8281,"template":"","meta":{"_joinchat":[]},"product_brand":[],"product_cat":[169],"product_tag":[],"class_list":{"0":"post-8129","1":"product","2":"type-product","3":"status-publish","4":"has-post-thumbnail","6":"product_cat-textils-resinades","8":"first","9":"instock","10":"taxable","11":"shipping-taxable","12":"purchasable","13":"product-type-simple"},"yoast_head":"<!-- This site is optimized with the Yoast SEO plugin v27.4 - https:\/\/yoast.com\/product\/yoast-seo-wordpress\/ -->\n<title>Camps - Olelule<\/title>\n<meta name=\"robots\" content=\"index, follow, max-snippet:-1, max-image-preview:large, max-video-preview:-1\" \/>\n<link rel=\"canonical\" href=\"https:\/\/olelule.com\/producte\/paris\/\" \/>\n<meta property=\"og:locale\" content=\"es_ES\" \/>\n<meta property=\"og:type\" content=\"article\" \/>\n<meta property=\"og:title\" content=\"Camps - Olelule\" \/>\n<meta property=\"og:description\" content=\"[:ca]Estovalla t\u00e8xtil de qualitat amb una capa de resina a la part superior que la protegeix de les taques. Impermeable i resistent. F\u00e0cil de netejar amb un drap humit i pot anar a la rentadora.[:es]Mantel textil de calidad con una capa de resina a la parte superior que la protege de las manchas. Impermeable y resistente. F\u00e1cil de limpiar con un pa\u00f1o h\u00famedo y puede limpiarse a la lavadora.[:]\" \/>\n<meta property=\"og:url\" content=\"https:\/\/olelule.com\/producte\/paris\/\" \/>\n<meta property=\"og:site_name\" content=\"Olelule\" \/>\n<meta property=\"article:modified_time\" content=\"2025-01-12T18:08:56+00:00\" \/>\n<meta property=\"og:image\" content=\"https:\/\/olelule.com\/wp-content\/uploads\/2022\/01\/resinat-prat-1.jpg\" \/>\n\t<meta property=\"og:image:width\" content=\"661\" \/>\n\t<meta property=\"og:image:height\" content=\"662\" \/>\n\t<meta property=\"og:image:type\" content=\"image\/jpeg\" \/>\n<meta name=\"twitter:card\" content=\"summary_large_image\" \/>\n<script type=\"application\/ld+json\" class=\"yoast-schema-graph\">{\"@context\":\"https:\\\/\\\/schema.org\",\"@graph\":[{\"@type\":\"WebPage\",\"@id\":\"https:\\\/\\\/olelule.com\\\/producte\\\/paris\\\/\",\"url\":\"https:\\\/\\\/olelule.com\\\/producte\\\/paris\\\/\",\"name\":\"Camps - Olelule\",\"isPartOf\":{\"@id\":\"https:\\\/\\\/olelule.com\\\/#website\"},\"primaryImageOfPage\":{\"@id\":\"https:\\\/\\\/olelule.com\\\/producte\\\/paris\\\/#primaryimage\"},\"image\":{\"@id\":\"https:\\\/\\\/olelule.com\\\/producte\\\/paris\\\/#primaryimage\"},\"thumbnailUrl\":\"https:\\\/\\\/olelule.com\\\/wp-content\\\/uploads\\\/2022\\\/01\\\/resinat-prat-1.jpg\",\"datePublished\":\"2022-01-24T17:24:19+00:00\",\"dateModified\":\"2025-01-12T18:08:56+00:00\",\"breadcrumb\":{\"@id\":\"https:\\\/\\\/olelule.com\\\/producte\\\/paris\\\/#breadcrumb\"},\"inLanguage\":\"es\",\"potentialAction\":[{\"@type\":\"ReadAction\",\"target\":[\"https:\\\/\\\/olelule.com\\\/producte\\\/paris\\\/\"]}]},{\"@type\":\"ImageObject\",\"inLanguage\":\"es\",\"@id\":\"https:\\\/\\\/olelule.com\\\/producte\\\/paris\\\/#primaryimage\",\"url\":\"https:\\\/\\\/olelule.com\\\/wp-content\\\/uploads\\\/2022\\\/01\\\/resinat-prat-1.jpg\",\"contentUrl\":\"https:\\\/\\\/olelule.com\\\/wp-content\\\/uploads\\\/2022\\\/01\\\/resinat-prat-1.jpg\",\"width\":661,\"height\":662},{\"@type\":\"BreadcrumbList\",\"@id\":\"https:\\\/\\\/olelule.com\\\/producte\\\/paris\\\/#breadcrumb\",\"itemListElement\":[{\"@type\":\"ListItem\",\"position\":1,\"name\":\"Inici\",\"item\":\"https:\\\/\\\/olelule.com\\\/\"},{\"@type\":\"ListItem\",\"position\":2,\"name\":\"Productes\",\"item\":\"https:\\\/\\\/olelule.com\\\/shop\\\/\"},{\"@type\":\"ListItem\",\"position\":3,\"name\":\"Camps\"}]},{\"@type\":\"WebSite\",\"@id\":\"https:\\\/\\\/olelule.com\\\/#website\",\"url\":\"https:\\\/\\\/olelule.com\\\/\",\"name\":\"Olelule\",\"description\":\"Estovalles d&#039;hule i altres articles t\u00e8xtils\",\"potentialAction\":[{\"@type\":\"SearchAction\",\"target\":{\"@type\":\"EntryPoint\",\"urlTemplate\":\"https:\\\/\\\/olelule.com\\\/?s={search_term_string}\"},\"query-input\":{\"@type\":\"PropertyValueSpecification\",\"valueRequired\":true,\"valueName\":\"search_term_string\"}}],\"inLanguage\":\"es\"}]}<\/script>\n<!-- \/ Yoast SEO plugin. -->","yoast_head_json":{"title":"Camps - Olelule","robots":{"index":"index","follow":"follow","max-snippet":"max-snippet:-1","max-image-preview":"max-image-preview:large","max-video-preview":"max-video-preview:-1"},"canonical":"https:\/\/olelule.com\/producte\/paris\/","og_locale":"es_ES","og_type":"article","og_title":"Camps - Olelule","og_description":"[:ca]Estovalla t\u00e8xtil de qualitat amb una capa de resina a la part superior que la protegeix de les taques. Impermeable i resistent. F\u00e0cil de netejar amb un drap humit i pot anar a la rentadora.[:es]Mantel textil de calidad con una capa de resina a la parte superior que la protege de las manchas. Impermeable y resistente. F\u00e1cil de limpiar con un pa\u00f1o h\u00famedo y puede limpiarse a la lavadora.[:]","og_url":"https:\/\/olelule.com\/producte\/paris\/","og_site_name":"Olelule","article_modified_time":"2025-01-12T18:08:56+00:00","og_image":[{"width":661,"height":662,"url":"https:\/\/olelule.com\/wp-content\/uploads\/2022\/01\/resinat-prat-1.jpg","type":"image\/jpeg"}],"twitter_card":"summary_large_image","schema":{"@context":"https:\/\/schema.org","@graph":[{"@type":"WebPage","@id":"https:\/\/olelule.com\/producte\/paris\/","url":"https:\/\/olelule.com\/producte\/paris\/","name":"Camps - Olelule","isPartOf":{"@id":"https:\/\/olelule.com\/#website"},"primaryImageOfPage":{"@id":"https:\/\/olelule.com\/producte\/paris\/#primaryimage"},"image":{"@id":"https:\/\/olelule.com\/producte\/paris\/#primaryimage"},"thumbnailUrl":"https:\/\/olelule.com\/wp-content\/uploads\/2022\/01\/resinat-prat-1.jpg","datePublished":"2022-01-24T17:24:19+00:00","dateModified":"2025-01-12T18:08:56+00:00","breadcrumb":{"@id":"https:\/\/olelule.com\/producte\/paris\/#breadcrumb"},"inLanguage":"es","potentialAction":[{"@type":"ReadAction","target":["https:\/\/olelule.com\/producte\/paris\/"]}]},{"@type":"ImageObject","inLanguage":"es","@id":"https:\/\/olelule.com\/producte\/paris\/#primaryimage","url":"https:\/\/olelule.com\/wp-content\/uploads\/2022\/01\/resinat-prat-1.jpg","contentUrl":"https:\/\/olelule.com\/wp-content\/uploads\/2022\/01\/resinat-prat-1.jpg","width":661,"height":662},{"@type":"BreadcrumbList","@id":"https:\/\/olelule.com\/producte\/paris\/#breadcrumb","itemListElement":[{"@type":"ListItem","position":1,"name":"Inici","item":"https:\/\/olelule.com\/"},{"@type":"ListItem","position":2,"name":"Productes","item":"https:\/\/olelule.com\/shop\/"},{"@type":"ListItem","position":3,"name":"Camps"}]},{"@type":"WebSite","@id":"https:\/\/olelule.com\/#website","url":"https:\/\/olelule.com\/","name":"Olelule","description":"Estovalles d&#039;hule i altres articles t\u00e8xtils","potentialAction":[{"@type":"SearchAction","target":{"@type":"EntryPoint","urlTemplate":"https:\/\/olelule.com\/?s={search_term_string}"},"query-input":{"@type":"PropertyValueSpecification","valueRequired":true,"valueName":"search_term_string"}}],"inLanguage":"es"}]}},"_links":{"self":[{"href":"https:\/\/olelule.com\/es\/wp-json\/wp\/v2\/product\/8129","targetHints":{"allow":["GET"]}}],"collection":[{"href":"https:\/\/olelule.com\/es\/wp-json\/wp\/v2\/product"}],"about":[{"href":"https:\/\/olelule.com\/es\/wp-json\/wp\/v2\/types\/product"}],"wp:featuredmedia":[{"embeddable":true,"href":"https:\/\/olelule.com\/es\/wp-json\/wp\/v2\/media\/8281"}],"wp:attachment":[{"href":"https:\/\/olelule.com\/es\/wp-json\/wp\/v2\/media?parent=8129"}],"wp:term":[{"taxonomy":"product_brand","embeddable":true,"href":"https:\/\/olelule.com\/es\/wp-json\/wp\/v2\/product_brand?post=8129"},{"taxonomy":"product_cat","embeddable":true,"href":"https:\/\/olelule.com\/es\/wp-json\/wp\/v2\/product_cat?post=8129"},{"taxonomy":"product_tag","embeddable":true,"href":"https:\/\/olelule.com\/es\/wp-json\/wp\/v2\/product_tag?post=8129"}],"curies":[{"name":"wp","href":"https:\/\/api.w.org\/{rel}","templated":true}]}}