{"id":8062,"date":"2021-11-23T19:43:12","date_gmt":"2021-11-23T19:43:12","guid":{"rendered":"https:\/\/olelule.com\/?post_type=product&#038;p=8062"},"modified":"2021-11-23T21:24:43","modified_gmt":"2021-11-23T21:24:43","slug":"flower","status":"publish","type":"product","link":"https:\/\/olelule.com\/es\/producte\/flower\/","title":{"rendered":"Flower"},"content":{"rendered":"","protected":false},"excerpt":{"rendered":"<p>Mantel de PVC con protecci\u00f3n.<br \/>\nHule redondo de 1,60m de di\u00e1metro para mesas redondas de 1,20m.<br \/>\nProtege la mesa y se limpia con un pa\u00f1o h\u00famedo.<br \/>\nImpermeable y resistente a ara\u00f1azos, l\u00edquidos y salsas.<\/p>\n","protected":false},"featured_media":8063,"template":"","meta":{"_joinchat":[]},"product_brand":[],"product_cat":[192],"product_tag":[],"class_list":{"0":"post-8062","1":"product","2":"type-product","3":"status-publish","4":"has-post-thumbnail","6":"product_cat-192","8":"first","9":"instock","10":"taxable","11":"shipping-taxable","12":"purchasable","13":"product-type-simple"},"yoast_head":"<!-- This site is optimized with the Yoast SEO plugin v27.4 - https:\/\/yoast.com\/product\/yoast-seo-wordpress\/ -->\n<title>Flower - Olelule<\/title>\n<meta name=\"robots\" content=\"index, follow, max-snippet:-1, max-image-preview:large, max-video-preview:-1\" \/>\n<link rel=\"canonical\" href=\"https:\/\/olelule.com\/producte\/flower\/\" \/>\n<meta property=\"og:locale\" content=\"es_ES\" \/>\n<meta property=\"og:type\" content=\"article\" \/>\n<meta property=\"og:title\" content=\"Flower - Olelule\" \/>\n<meta property=\"og:description\" content=\"[:ca]Estovalla de pvc amb protecci\u00f3. Hule rod\u00f3 de 1,60m de di\u00e0metre per a taules rodones de 1,20m. Protegeix la taula i es neteja amb un drap humit. Impermeable i resistent a ratllades, l\u00edquids i salses.[:es]Mantel de PVC con protecci\u00f3n. Hule redondo de 1,60m de di\u00e1metro para mesas redondas de 1,20m. Protege la mesa y se limpia con un pa\u00f1o h\u00famedo. Impermeable y resistente a ara\u00f1azos, l\u00edquidos y salsas.[:]\" \/>\n<meta property=\"og:url\" content=\"https:\/\/olelule.com\/producte\/flower\/\" \/>\n<meta property=\"og:site_name\" content=\"Olelule\" \/>\n<meta property=\"article:modified_time\" content=\"2021-11-23T21:24:43+00:00\" \/>\n<meta property=\"og:image\" content=\"https:\/\/olelule.com\/wp-content\/uploads\/2021\/11\/Flowers.jpg\" \/>\n\t<meta property=\"og:image:width\" content=\"900\" \/>\n\t<meta property=\"og:image:height\" content=\"899\" \/>\n\t<meta property=\"og:image:type\" content=\"image\/jpeg\" \/>\n<meta name=\"twitter:card\" content=\"summary_large_image\" \/>\n<script type=\"application\/ld+json\" class=\"yoast-schema-graph\">{\"@context\":\"https:\\\/\\\/schema.org\",\"@graph\":[{\"@type\":\"WebPage\",\"@id\":\"https:\\\/\\\/olelule.com\\\/producte\\\/flower\\\/\",\"url\":\"https:\\\/\\\/olelule.com\\\/producte\\\/flower\\\/\",\"name\":\"Flower - Olelule\",\"isPartOf\":{\"@id\":\"https:\\\/\\\/olelule.com\\\/#website\"},\"primaryImageOfPage\":{\"@id\":\"https:\\\/\\\/olelule.com\\\/producte\\\/flower\\\/#primaryimage\"},\"image\":{\"@id\":\"https:\\\/\\\/olelule.com\\\/producte\\\/flower\\\/#primaryimage\"},\"thumbnailUrl\":\"https:\\\/\\\/olelule.com\\\/wp-content\\\/uploads\\\/2021\\\/11\\\/Flowers.jpg\",\"datePublished\":\"2021-11-23T19:43:12+00:00\",\"dateModified\":\"2021-11-23T21:24:43+00:00\",\"breadcrumb\":{\"@id\":\"https:\\\/\\\/olelule.com\\\/producte\\\/flower\\\/#breadcrumb\"},\"inLanguage\":\"es\",\"potentialAction\":[{\"@type\":\"ReadAction\",\"target\":[\"https:\\\/\\\/olelule.com\\\/producte\\\/flower\\\/\"]}]},{\"@type\":\"ImageObject\",\"inLanguage\":\"es\",\"@id\":\"https:\\\/\\\/olelule.com\\\/producte\\\/flower\\\/#primaryimage\",\"url\":\"https:\\\/\\\/olelule.com\\\/wp-content\\\/uploads\\\/2021\\\/11\\\/Flowers.jpg\",\"contentUrl\":\"https:\\\/\\\/olelule.com\\\/wp-content\\\/uploads\\\/2021\\\/11\\\/Flowers.jpg\",\"width\":900,\"height\":899},{\"@type\":\"BreadcrumbList\",\"@id\":\"https:\\\/\\\/olelule.com\\\/producte\\\/flower\\\/#breadcrumb\",\"itemListElement\":[{\"@type\":\"ListItem\",\"position\":1,\"name\":\"Inici\",\"item\":\"https:\\\/\\\/olelule.com\\\/\"},{\"@type\":\"ListItem\",\"position\":2,\"name\":\"Productes\",\"item\":\"https:\\\/\\\/olelule.com\\\/shop\\\/\"},{\"@type\":\"ListItem\",\"position\":3,\"name\":\"Flower\"}]},{\"@type\":\"WebSite\",\"@id\":\"https:\\\/\\\/olelule.com\\\/#website\",\"url\":\"https:\\\/\\\/olelule.com\\\/\",\"name\":\"Olelule\",\"description\":\"Estovalles d&#039;hule i altres articles t\u00e8xtils\",\"potentialAction\":[{\"@type\":\"SearchAction\",\"target\":{\"@type\":\"EntryPoint\",\"urlTemplate\":\"https:\\\/\\\/olelule.com\\\/?s={search_term_string}\"},\"query-input\":{\"@type\":\"PropertyValueSpecification\",\"valueRequired\":true,\"valueName\":\"search_term_string\"}}],\"inLanguage\":\"es\"}]}<\/script>\n<!-- \/ Yoast SEO plugin. -->","yoast_head_json":{"title":"Flower - Olelule","robots":{"index":"index","follow":"follow","max-snippet":"max-snippet:-1","max-image-preview":"max-image-preview:large","max-video-preview":"max-video-preview:-1"},"canonical":"https:\/\/olelule.com\/producte\/flower\/","og_locale":"es_ES","og_type":"article","og_title":"Flower - Olelule","og_description":"[:ca]Estovalla de pvc amb protecci\u00f3. Hule rod\u00f3 de 1,60m de di\u00e0metre per a taules rodones de 1,20m. Protegeix la taula i es neteja amb un drap humit. Impermeable i resistent a ratllades, l\u00edquids i salses.[:es]Mantel de PVC con protecci\u00f3n. Hule redondo de 1,60m de di\u00e1metro para mesas redondas de 1,20m. Protege la mesa y se limpia con un pa\u00f1o h\u00famedo. Impermeable y resistente a ara\u00f1azos, l\u00edquidos y salsas.[:]","og_url":"https:\/\/olelule.com\/producte\/flower\/","og_site_name":"Olelule","article_modified_time":"2021-11-23T21:24:43+00:00","og_image":[{"width":900,"height":899,"url":"https:\/\/olelule.com\/wp-content\/uploads\/2021\/11\/Flowers.jpg","type":"image\/jpeg"}],"twitter_card":"summary_large_image","schema":{"@context":"https:\/\/schema.org","@graph":[{"@type":"WebPage","@id":"https:\/\/olelule.com\/producte\/flower\/","url":"https:\/\/olelule.com\/producte\/flower\/","name":"Flower - Olelule","isPartOf":{"@id":"https:\/\/olelule.com\/#website"},"primaryImageOfPage":{"@id":"https:\/\/olelule.com\/producte\/flower\/#primaryimage"},"image":{"@id":"https:\/\/olelule.com\/producte\/flower\/#primaryimage"},"thumbnailUrl":"https:\/\/olelule.com\/wp-content\/uploads\/2021\/11\/Flowers.jpg","datePublished":"2021-11-23T19:43:12+00:00","dateModified":"2021-11-23T21:24:43+00:00","breadcrumb":{"@id":"https:\/\/olelule.com\/producte\/flower\/#breadcrumb"},"inLanguage":"es","potentialAction":[{"@type":"ReadAction","target":["https:\/\/olelule.com\/producte\/flower\/"]}]},{"@type":"ImageObject","inLanguage":"es","@id":"https:\/\/olelule.com\/producte\/flower\/#primaryimage","url":"https:\/\/olelule.com\/wp-content\/uploads\/2021\/11\/Flowers.jpg","contentUrl":"https:\/\/olelule.com\/wp-content\/uploads\/2021\/11\/Flowers.jpg","width":900,"height":899},{"@type":"BreadcrumbList","@id":"https:\/\/olelule.com\/producte\/flower\/#breadcrumb","itemListElement":[{"@type":"ListItem","position":1,"name":"Inici","item":"https:\/\/olelule.com\/"},{"@type":"ListItem","position":2,"name":"Productes","item":"https:\/\/olelule.com\/shop\/"},{"@type":"ListItem","position":3,"name":"Flower"}]},{"@type":"WebSite","@id":"https:\/\/olelule.com\/#website","url":"https:\/\/olelule.com\/","name":"Olelule","description":"Estovalles d&#039;hule i altres articles t\u00e8xtils","potentialAction":[{"@type":"SearchAction","target":{"@type":"EntryPoint","urlTemplate":"https:\/\/olelule.com\/?s={search_term_string}"},"query-input":{"@type":"PropertyValueSpecification","valueRequired":true,"valueName":"search_term_string"}}],"inLanguage":"es"}]}},"_links":{"self":[{"href":"https:\/\/olelule.com\/es\/wp-json\/wp\/v2\/product\/8062","targetHints":{"allow":["GET"]}}],"collection":[{"href":"https:\/\/olelule.com\/es\/wp-json\/wp\/v2\/product"}],"about":[{"href":"https:\/\/olelule.com\/es\/wp-json\/wp\/v2\/types\/product"}],"wp:featuredmedia":[{"embeddable":true,"href":"https:\/\/olelule.com\/es\/wp-json\/wp\/v2\/media\/8063"}],"wp:attachment":[{"href":"https:\/\/olelule.com\/es\/wp-json\/wp\/v2\/media?parent=8062"}],"wp:term":[{"taxonomy":"product_brand","embeddable":true,"href":"https:\/\/olelule.com\/es\/wp-json\/wp\/v2\/product_brand?post=8062"},{"taxonomy":"product_cat","embeddable":true,"href":"https:\/\/olelule.com\/es\/wp-json\/wp\/v2\/product_cat?post=8062"},{"taxonomy":"product_tag","embeddable":true,"href":"https:\/\/olelule.com\/es\/wp-json\/wp\/v2\/product_tag?post=8062"}],"curies":[{"name":"wp","href":"https:\/\/api.w.org\/{rel}","templated":true}]}}