{"id":7940,"date":"2021-11-09T16:50:22","date_gmt":"2021-11-09T16:50:22","guid":{"rendered":"https:\/\/olelule.com\/?post_type=product&#038;p=7940"},"modified":"2023-03-10T09:50:16","modified_gmt":"2023-03-10T09:50:16","slug":"confeti-2","status":"publish","type":"product","link":"https:\/\/olelule.com\/es\/producte\/confeti-2\/","title":{"rendered":"Confeti"},"content":{"rendered":"","protected":false},"excerpt":{"rendered":"<p>Mantel de PVC <strong>con protecci\u00f3n.<\/strong><br \/>\nProtege la mesa y <strong>se limpia con un pa\u00f1o h\u00famedo.<\/strong><br \/>\n<strong>Impermeable y resistente<\/strong> a ara\u00f1azos, l\u00edquidos y salsas.<\/p>\n","protected":false},"featured_media":7941,"template":"","meta":{"_joinchat":[]},"product_brand":[],"product_cat":[163],"product_tag":[],"class_list":{"0":"post-7940","1":"product","2":"type-product","3":"status-publish","4":"has-post-thumbnail","6":"product_cat-hules-estandards","8":"first","9":"instock","10":"taxable","11":"shipping-taxable","12":"purchasable","13":"product-type-simple"},"yoast_head":"<!-- This site is optimized with the Yoast SEO plugin v27.4 - https:\/\/yoast.com\/product\/yoast-seo-wordpress\/ -->\n<title>Confeti - Olelule<\/title>\n<meta name=\"robots\" content=\"index, follow, max-snippet:-1, max-image-preview:large, max-video-preview:-1\" \/>\n<link rel=\"canonical\" href=\"https:\/\/olelule.com\/producte\/confeti-2\/\" \/>\n<meta property=\"og:locale\" content=\"es_ES\" \/>\n<meta property=\"og:type\" content=\"article\" \/>\n<meta property=\"og:title\" content=\"Confeti - Olelule\" \/>\n<meta property=\"og:description\" content=\"[:ca]Estovalla de pvc amb protecci\u00f3. Protegeix la taula i es neteja amb un drap humit. Impermeable i resistent a ratllades, l\u00edquids i salses.[:es]Mantel de PVC con protecci\u00f3n. Protege la mesa y se limpia con un pa\u00f1o h\u00famedo. Impermeable y resistente a ara\u00f1azos, l\u00edquidos y salsas.[:]\" \/>\n<meta property=\"og:url\" content=\"https:\/\/olelule.com\/producte\/confeti-2\/\" \/>\n<meta property=\"og:site_name\" content=\"Olelule\" \/>\n<meta property=\"article:modified_time\" content=\"2023-03-10T09:50:16+00:00\" \/>\n<meta property=\"og:image\" content=\"https:\/\/olelule.com\/wp-content\/uploads\/2021\/11\/img68.jpg\" \/>\n\t<meta property=\"og:image:width\" content=\"797\" \/>\n\t<meta property=\"og:image:height\" content=\"797\" \/>\n\t<meta property=\"og:image:type\" content=\"image\/jpeg\" \/>\n<meta name=\"twitter:card\" content=\"summary_large_image\" \/>\n<script type=\"application\/ld+json\" class=\"yoast-schema-graph\">{\"@context\":\"https:\\\/\\\/schema.org\",\"@graph\":[{\"@type\":\"WebPage\",\"@id\":\"https:\\\/\\\/olelule.com\\\/producte\\\/confeti-2\\\/\",\"url\":\"https:\\\/\\\/olelule.com\\\/producte\\\/confeti-2\\\/\",\"name\":\"Confeti - Olelule\",\"isPartOf\":{\"@id\":\"https:\\\/\\\/olelule.com\\\/#website\"},\"primaryImageOfPage\":{\"@id\":\"https:\\\/\\\/olelule.com\\\/producte\\\/confeti-2\\\/#primaryimage\"},\"image\":{\"@id\":\"https:\\\/\\\/olelule.com\\\/producte\\\/confeti-2\\\/#primaryimage\"},\"thumbnailUrl\":\"https:\\\/\\\/olelule.com\\\/wp-content\\\/uploads\\\/2021\\\/11\\\/img68.jpg\",\"datePublished\":\"2021-11-09T16:50:22+00:00\",\"dateModified\":\"2023-03-10T09:50:16+00:00\",\"breadcrumb\":{\"@id\":\"https:\\\/\\\/olelule.com\\\/producte\\\/confeti-2\\\/#breadcrumb\"},\"inLanguage\":\"es\",\"potentialAction\":[{\"@type\":\"ReadAction\",\"target\":[\"https:\\\/\\\/olelule.com\\\/producte\\\/confeti-2\\\/\"]}]},{\"@type\":\"ImageObject\",\"inLanguage\":\"es\",\"@id\":\"https:\\\/\\\/olelule.com\\\/producte\\\/confeti-2\\\/#primaryimage\",\"url\":\"https:\\\/\\\/olelule.com\\\/wp-content\\\/uploads\\\/2021\\\/11\\\/img68.jpg\",\"contentUrl\":\"https:\\\/\\\/olelule.com\\\/wp-content\\\/uploads\\\/2021\\\/11\\\/img68.jpg\",\"width\":797,\"height\":797},{\"@type\":\"BreadcrumbList\",\"@id\":\"https:\\\/\\\/olelule.com\\\/producte\\\/confeti-2\\\/#breadcrumb\",\"itemListElement\":[{\"@type\":\"ListItem\",\"position\":1,\"name\":\"Inici\",\"item\":\"https:\\\/\\\/olelule.com\\\/\"},{\"@type\":\"ListItem\",\"position\":2,\"name\":\"Productes\",\"item\":\"https:\\\/\\\/olelule.com\\\/shop\\\/\"},{\"@type\":\"ListItem\",\"position\":3,\"name\":\"Confeti\"}]},{\"@type\":\"WebSite\",\"@id\":\"https:\\\/\\\/olelule.com\\\/#website\",\"url\":\"https:\\\/\\\/olelule.com\\\/\",\"name\":\"Olelule\",\"description\":\"Estovalles d&#039;hule i altres articles t\u00e8xtils\",\"potentialAction\":[{\"@type\":\"SearchAction\",\"target\":{\"@type\":\"EntryPoint\",\"urlTemplate\":\"https:\\\/\\\/olelule.com\\\/?s={search_term_string}\"},\"query-input\":{\"@type\":\"PropertyValueSpecification\",\"valueRequired\":true,\"valueName\":\"search_term_string\"}}],\"inLanguage\":\"es\"}]}<\/script>\n<!-- \/ Yoast SEO plugin. -->","yoast_head_json":{"title":"Confeti - Olelule","robots":{"index":"index","follow":"follow","max-snippet":"max-snippet:-1","max-image-preview":"max-image-preview:large","max-video-preview":"max-video-preview:-1"},"canonical":"https:\/\/olelule.com\/producte\/confeti-2\/","og_locale":"es_ES","og_type":"article","og_title":"Confeti - Olelule","og_description":"[:ca]Estovalla de pvc amb protecci\u00f3. Protegeix la taula i es neteja amb un drap humit. Impermeable i resistent a ratllades, l\u00edquids i salses.[:es]Mantel de PVC con protecci\u00f3n. Protege la mesa y se limpia con un pa\u00f1o h\u00famedo. Impermeable y resistente a ara\u00f1azos, l\u00edquidos y salsas.[:]","og_url":"https:\/\/olelule.com\/producte\/confeti-2\/","og_site_name":"Olelule","article_modified_time":"2023-03-10T09:50:16+00:00","og_image":[{"width":797,"height":797,"url":"https:\/\/olelule.com\/wp-content\/uploads\/2021\/11\/img68.jpg","type":"image\/jpeg"}],"twitter_card":"summary_large_image","schema":{"@context":"https:\/\/schema.org","@graph":[{"@type":"WebPage","@id":"https:\/\/olelule.com\/producte\/confeti-2\/","url":"https:\/\/olelule.com\/producte\/confeti-2\/","name":"Confeti - Olelule","isPartOf":{"@id":"https:\/\/olelule.com\/#website"},"primaryImageOfPage":{"@id":"https:\/\/olelule.com\/producte\/confeti-2\/#primaryimage"},"image":{"@id":"https:\/\/olelule.com\/producte\/confeti-2\/#primaryimage"},"thumbnailUrl":"https:\/\/olelule.com\/wp-content\/uploads\/2021\/11\/img68.jpg","datePublished":"2021-11-09T16:50:22+00:00","dateModified":"2023-03-10T09:50:16+00:00","breadcrumb":{"@id":"https:\/\/olelule.com\/producte\/confeti-2\/#breadcrumb"},"inLanguage":"es","potentialAction":[{"@type":"ReadAction","target":["https:\/\/olelule.com\/producte\/confeti-2\/"]}]},{"@type":"ImageObject","inLanguage":"es","@id":"https:\/\/olelule.com\/producte\/confeti-2\/#primaryimage","url":"https:\/\/olelule.com\/wp-content\/uploads\/2021\/11\/img68.jpg","contentUrl":"https:\/\/olelule.com\/wp-content\/uploads\/2021\/11\/img68.jpg","width":797,"height":797},{"@type":"BreadcrumbList","@id":"https:\/\/olelule.com\/producte\/confeti-2\/#breadcrumb","itemListElement":[{"@type":"ListItem","position":1,"name":"Inici","item":"https:\/\/olelule.com\/"},{"@type":"ListItem","position":2,"name":"Productes","item":"https:\/\/olelule.com\/shop\/"},{"@type":"ListItem","position":3,"name":"Confeti"}]},{"@type":"WebSite","@id":"https:\/\/olelule.com\/#website","url":"https:\/\/olelule.com\/","name":"Olelule","description":"Estovalles d&#039;hule i altres articles t\u00e8xtils","potentialAction":[{"@type":"SearchAction","target":{"@type":"EntryPoint","urlTemplate":"https:\/\/olelule.com\/?s={search_term_string}"},"query-input":{"@type":"PropertyValueSpecification","valueRequired":true,"valueName":"search_term_string"}}],"inLanguage":"es"}]}},"_links":{"self":[{"href":"https:\/\/olelule.com\/es\/wp-json\/wp\/v2\/product\/7940","targetHints":{"allow":["GET"]}}],"collection":[{"href":"https:\/\/olelule.com\/es\/wp-json\/wp\/v2\/product"}],"about":[{"href":"https:\/\/olelule.com\/es\/wp-json\/wp\/v2\/types\/product"}],"wp:featuredmedia":[{"embeddable":true,"href":"https:\/\/olelule.com\/es\/wp-json\/wp\/v2\/media\/7941"}],"wp:attachment":[{"href":"https:\/\/olelule.com\/es\/wp-json\/wp\/v2\/media?parent=7940"}],"wp:term":[{"taxonomy":"product_brand","embeddable":true,"href":"https:\/\/olelule.com\/es\/wp-json\/wp\/v2\/product_brand?post=7940"},{"taxonomy":"product_cat","embeddable":true,"href":"https:\/\/olelule.com\/es\/wp-json\/wp\/v2\/product_cat?post=7940"},{"taxonomy":"product_tag","embeddable":true,"href":"https:\/\/olelule.com\/es\/wp-json\/wp\/v2\/product_tag?post=7940"}],"curies":[{"name":"wp","href":"https:\/\/api.w.org\/{rel}","templated":true}]}}