{"id":6113,"date":"2020-04-29T13:00:11","date_gmt":"2020-04-29T13:00:11","guid":{"rendered":"https:\/\/olelule.bcnagency.com\/?page_id=6113"},"modified":"2020-06-29T14:52:45","modified_gmt":"2020-06-29T14:52:45","slug":"politica-de-cookies","status":"publish","type":"page","link":"https:\/\/olelule.com\/es\/politica-de-cookies\/","title":{"rendered":"Pol\u00edtica de Cookies"},"content":{"rendered":"<p>[vc_row][vc_column][vc_column_text]<strong>1.- QUE SON LAS COOKIES<\/strong><br \/>\nLas cookies son ficheros de actividad que permiten conocer la activitat realitzada por usted como a Usuario y que tienen la finalidad de establecer m\u00e9tricas sobre el uso del mismo i los contenidos m\u00e1s visitados, com\u00fanmente conocido como &#8220;experiencia de usuario&#8221;.<\/p>\n<p><strong>2.- TIPOS DE COOKIES<\/strong><br \/>\nSeg\u00fan diferentes criterios de clasificaci\u00f3n, distinguimos los siguientes tipos:<\/p>\n<p><strong>Seg\u00fan el emisor de las cookies:<\/strong><\/p>\n<p>Cookies propias: son aquellas que se env\u00edan al equipo terminal de el usuario des de un equipo o dominio gestionado por el propio editor (OLELULE en este caso) y des del cual se presta el servicio solicitado per el usuario.<\/p>\n<p>Cookies de tercero: son aquellas que se env\u00edan al equipo terminal de el usuario des de un equipo o dominio que no est\u00e1 gestionado por el editor, sino por otra entidad que trata los datos obtenidos a trav\u00e9s de las cookies.<\/p>\n<p><strong>Seg\u00fan el ciclo de vida de las cookies:<\/strong><\/p>\n<p>Cookies de sesi\u00f3n: son cookies temporales que permaneces en el archivo de cookies de su navegador hasta que abandone la p\u00e1gina web, por la cual cosa ninguna queda registrada en el disco duro del usuario. La informaci\u00f3n obtenida por medio de estas cookies, sirve para analizar pautas de tr\u00e1nsito en la web. A la larga, esto nos permite proporcionar una mejor experiencia para mejorar el contenido y facilitando su uso.<\/p>\n<p>Cookies permanentes: son almacenadas en el disco duro y nuestra p\u00e1gina web las lee cada vez que usted realiza una nueva visita. Una cookie permanente posee una fecha de expiraci\u00f3n determinada. La cookie dejar\u00e1 de funcionar despu\u00e9s de esta fecha. Las utilizamos, generalmente, para facilitar los servicios de compra y registro.<\/p>\n<p><strong>Seg\u00fan la finalidad por la cual se usan las cookies:<\/strong><\/p>\n<p>Cookies t\u00e9cnicas: son aquellas que permiten al usuario la navegaci\u00f3n a trav\u00e9s de una p\u00e1gina web, plataforma o aplicaci\u00f3n y el uso de las diferentes opciones o servicios que en ella existan como por ejemplo: controlar el tr\u00e1nsito y la comunicaci\u00f3n de datos; identificar la sesi\u00f3n; acceder a partes de acceso restringido; recordar los elementos que integren un pedido; realizar el proceso de compra de un pedido; realizar la solicitud de inscripci\u00f3n o participaci\u00f3n en un evento; utilizar elementos de seguridad durante la navegaci\u00f3n, almacenar contenidos para la difusi\u00f3n de v\u00eddeos o sonido; o compartir contenidos a trav\u00e9s de las redes sociales.<\/p>\n<p>Cookies de personalizaci\u00f3n: son aquellas que permiten al usuario acceder al servicio con algunas caracter\u00edsticas de car\u00e1cter general predefinidas en funci\u00f3n de una serie de criterios en el terminal del usuario como por ejemplo ser\u00edan el idioma, el tipo de navegador a trav\u00e9s del cual accede al servicio, la configuraci\u00f3n regional desde donde accede al servicio, etc.<\/p>\n<p>Cookies de an\u00e1lisis: son aquellas que permiten al responsable de estas, el seguimiento y an\u00e1lisis del comportamiento de los usuarios de los sitios web a los cuales est\u00e1n vinculadas. La informaci\u00f3n recogida mediante este tipo de cookies se usa en la valoraci\u00f3n de la actividad de los sitios web, aplicaci\u00f3n o plataforma y para la elaboraci\u00f3n de perfiles de navegaci\u00f3n de los usuarios de estos sitios, aplicaciones y plataformas, con la finalidad de introducir mejoras en funci\u00f3n del an\u00e1lisi de los datos de uso que hacen los usuarios del servicio.<\/p>\n<p>Cookies publicitarias: son aquellas que permiten la gesti\u00f3n, de la forma m\u00e1s eficaz posible, de los espacios publicitarios que en su caso, el editor haya incluido en una p\u00e1gina web, aplicaci\u00f3n o plataforma desde la cual presta el servicio solicitado sobre la base de criterios como el contenido editado o la frecuencia en la que se muestran los anuncios.<\/p>\n<p>Cookies de publicidad comportamental: son aquellas que permiten la gesti\u00f3n, de la forma m\u00e1s eficaz posible, de los espacios publicitarios que en su caso, el editor haya incluido en una p\u00e1gina web, aplicaci\u00f3n o plataforma desde la cual presta el servicio solicitado. Estas cookies almacenan informaci\u00f3n del comportamiento de los usuarios, obtenida a trav\u00e9s de la observaci\u00f3n continuada de sus h\u00e1bitos de navegaci\u00f3n, la cual cosa permite desarrollar un perfil espec\u00edfico para mostrar publicidad en funci\u00f3n de este. Igualmente es posible que al visitar alguna p\u00e1gina web o al abrir alg\u00fan email donde se publique alg\u00fan anuncio o alguna promoci\u00f3n sobre nuestros productos o servicios se instale en su navegador alguna cookie que nos sirve para mostrarle posteriormente publicidad relacionada con la b\u00fasqueda que haya realizado, desarrollar un control de nuestros anuncios en relaci\u00f3n por ejemplo, con el n\u00famero de veces que son vistos, donde aparecen, a que hora se visualizan, etc.<\/p>\n<p><strong>3.- RELACI\u00d3N DE COOKIES UTILIZADAS EN STORE ONLINE:<\/strong><br \/>\nUtilizamos cookies Anal\u00edticas de terceros destinadas a Facebook, Google entre otras.<\/p>\n<p>OLELULE realizar\u00e0 sus mejores esfuerzos para garantizar el uso de cookies con prop\u00f3sitos id\u00e9nticos a los registros en esta l\u00ednea.<\/p>\n<p><strong>4.- RELACI\u00d3N DE COOKIES DE TERCEROS PRESTADORES DE SERVICIOS<\/strong><br \/>\nEn concreto los terceros prestadores con los cuales hemos contratado alg\u00fan servicio para el cual sea necesario el uso de cookies son:<\/p>\n<p>Google Analytics: Informaci\u00f3n en tiempo real sobre el tr\u00e1nsito de la p\u00e1gina web. Durada y frecuencia de la visita, pa\u00eds, regi\u00f3n, tipo de dispositivo, or\u00edgen de referencia y t\u00e9rminos de b\u00fasqueda que han conducido a la p\u00e1gina web. P\u00e1ginas de los sitios visitados, b\u00fasquedas\u00a0 realizadas y realizaci\u00f3n de compras (informaci\u00f3n an\u00f3nima).<\/p>\n<p><strong>5.- REDES SOCIALES<\/strong><br \/>\nFinalmente, le informamos que las redes sociales tambi\u00e9n recogen informaci\u00f3n sobre los contenidos que comparta en las mismas a trav\u00e9s de sus propias cookies. OLELULE no tiene absolutamente ning\u00fan control sobre la actividad de estas redes sociales. Sin embargo, le recordamos que todas ellas disponen de sus propias pol\u00edticas de privacidad y de cookies. Por ejemplo, a continuaci\u00f3n le detallamos los enlaces a los documentos legales de las cuatro redes sociales en las cuales le facilitamos compartir nuestros contenidos a trav\u00e9s de botones, para que se informe:<\/p>\n<p>Facebook:<br \/>\nPol\u00edtica de privacidad: https:\/\/www.facebook.com\/about\/privacy\/<br \/>\nPol\u00edtica de cookies: https:\/\/www.facebook.com\/help\/cookies\/<br \/>\nCondiciones de servicio: ht\/\/www.facebook.com\/policies\/<br \/>\nTwitter:<br \/>\nPol\u00edtica de privacidad: https:\/\/twitter.com\/privacy<br \/>\nPol\u00edtica de cookies: https:\/\/support.twitter.com\/articles\/20170514#<br \/>\nCondiciones de servicio: ht\/\/twitter.com\/tos<br \/>\nGoogle+:<br \/>\nPol\u00edtica de privacidad: http:\/\/www.google.com\/intl\/es_es\/+\/policy\/*index.html<br \/>\nPol\u00edtica de cookies: https:\/\/www.google.es\/intl\/es\/policies\/technologies\/cookies\/<br \/>\nCondiciones de servicio: ht\/www.google.com\/intl\/es_all\/+\/policy\/*content.html<br \/>\nInstagram:<br \/>\nPol\u00edtica de privacidad: https:\/\/help.instagram.com\/155833707900388<br \/>\nPol\u00edtica de cookies: https:\/\/www.facebook.com\/policies\/cookies\/<br \/>\nCondiciones de servicio:https:\/\/help.instagram.com\/478745558852511<\/p>\n<p><strong>6.- NUESTRA RECOMENDACI\u00d3N<\/strong><br \/>\nSi lo desea, puede deshabilitar nuestras propias cookies. No obstante, si lo hace, es posible en algunas funcionalidades no se ejecuten correctamente o que la navegaci\u00f3n resulte m\u00e1s dif\u00edcil. Por eso le recomendamos que las mantenga activadas y, solo si lo desea, las borre despu\u00e9s de salir de la Plataforma.<\/p>\n<p><strong>C\u00f3mo borrar las cookies despu\u00e9s de navegar por nuestras Plataformas.<\/strong><br \/>\nSi utiliza Google Chrome, acceda a la opci\u00f3n accedeix a &#8220;Borrar datos de navegaci\u00f3n&#8221; a trav\u00e9s del men\u00fa \u201cHistorial\u201d. Aparecer\u00e1 un men\u00fa emergente en el que podr\u00e1 decidir qu\u00e9 tipo de informaci\u00f3n desea borrar, incluidas las cookies. Si usa Firefox, acceda a la opci\u00f3n &#8220;Limpiar el historial&#8221; a trav\u00e9s del men\u00fa &#8220;Historial&#8221;. Aparecer\u00e1 un men\u00fa emergente en el cual podr\u00e1 decidir qu\u00e9 tipo de desea borrar, incluidas las cookies. Si utiliza Internet Explorer, acceda a la opci\u00f3n &#8220;Eliminar el historial de exploraci\u00f3n&#8221; a trav\u00e9s del men\u00fa &#8220;Herramientas&#8221;. Aparecer\u00e1 un men\u00fa emergente en el cual podr\u00e1 decidir qu\u00e9 tipo de informaci\u00f3n desea borrar, incluidas las cookies. Si utiliza el navegadors de Android Chrome, acceda a la opci\u00f3n &#8220;Seguridad y privacidad&#8221; a trav\u00e9s del men\u00fa &#8220;Ajustes&#8221;. Aparecer\u00e1 un men\u00fa emergente en el cual podr\u00e1 decidir qu\u00e9 tipo de informaci\u00f3n desea borrar, incluidas las cookies. Como puede observar, la forma de actuar es muy similar en todos los navegadores, as\u00ed que si usa un navegador diferente de los citados, no le resultar\u00e1 dif\u00edcil encontrar la funcionalidad de borrar datos de cookies. Tambi\u00e9n puede configurar su sistema para que borre todas las cookies autom\u00e1ticamente en finalizar la sesi\u00f3n de navegaci\u00f3n.<\/p>\n<p><strong>C\u00f3mo deshabilitar las cookies antes de navegar por nostras Webs.<\/strong><br \/>\nSi todav\u00eda, despu\u00e9s de leer la anterior recomendaci\u00f3n, desea deshabilitar las cookies, puede hacer que su ordenador o dispositivo no almacene nuestras cookies. A continuaci\u00f3n le explicamos c\u00f3mo hacerlo:<\/p>\n<p>Si utilitza Google Chrome, acceda al men\u00fa &#8220;Personaliza y controla Google Chrome&#8221; (normalmente en la esquina superior derecha, justo a la derecha de la barra de direcci\u00f3n), haga clic en el link &#8220;Mostrar opciones avanzadas&#8221; y haga clic en la opci\u00f3n &#8220;Configuraci\u00f3n de contenido&#8221;. Ver\u00e1 las opciones disponibles para las cookies. Si utiliza Firefox, acceda al men\u00fa &#8220;Herramientas&#8221; (normalmente en la barra de men\u00fas, justo encima de la barra de direcci\u00f3n), haga clic en &#8220;Opciones&#8221; y haga clic en la pesta\u00f1a &#8220;Privacidad&#8221;. Ver\u00e1 las opciones disponibles. Si utilitza Internet Explorer, acceda al men\u00fa &#8220;Herramientas&#8221; (normalmente en la esquina superior derecha, justo a la derecha de las pesta\u00f1as de navegaci\u00f3n), haga clic en la opci\u00f3n &#8220;Opciones de internet&#8221; y en el men\u00fa emergente, haga clic en la pesta\u00f1a &#8220;Seguridad&#8221;. Podr\u00e1 escoger uno de los niveles de seguridad preestablecidos por Microsoft o personalizar su propio nivel de seguridad. Si utiliza el navegador de Android Chrome, acceda al men\u00fa &#8220;Ajustes&#8221; (normalmente en la esquina superior derecha, justo en el bot\u00f3n para abrir una nueva pesta\u00f1a), haga clic en la opci\u00f3n &#8220;Seguridad y privacidad&#8221; y en el men\u00fa emergente, podr\u00e1 seleccionar aceptar, o no, cookies. Si utiliza cualquier otro navegador o plataforma, el proceso es muy similar. En los men\u00fas de ayuda de cada uno de ellos podr\u00e1 informarse.<\/p>\n<p><strong>M\u00e1s informaci\u00f3n sobre el funcionamiento, uso y gesti\u00f3n de coolies<\/strong><br \/>\nAdem\u00e1s, con su navegador puede iniciar una navegaci\u00f3n privada de forma que su sistema no almacene informaci\u00f3n en su disco duro y, si lo desea, borrarlas una a una. Por ejemplo, si su sistema operativo es Windows 7 y utiliza la versi\u00f3n 10 del navegador Internet Explorer, las cookies que este navegador almacena en su disco duro se suelen situar en la siguiente ruta: C:\\Users\\[*NombreUsuario]\\*AppData\\Local\\Microsoft\\Windows\\*Temporary Internet Files\\<\/p>\n<p>Finalmente, debe saber que la mayor\u00eda de los exploradores informan de c\u00f3mo evitar la aceptaci\u00f3n de nuevas cookies, de c\u00f3mo hacer que se te notifique la recepci\u00f3n de una nueva cookie o de c\u00f3mo desactivar las cookies por completo. Si desea saber m\u00e1s sobre el funcionamiento de las cookies, le recomendamos que consulte la &#8220;ayuda&#8221; que se muestra en las barras de herramientas de sus navegadores (por ejemplo, si presiona F1 en equipos Windows tambi\u00e9n acceder\u00e1 a la ayuda).<\/p>\n<p>Si desea m\u00e1s informaci\u00f3n sobre las cookies, puede ver la &#8220;Gu\u00eda sobre el uso de cookies&#8221; elaborada por la Agencia Espa\u00f1ola de Protecci\u00f3n de Datos.<\/p>\n<p><strong>7.- POL\u00cdTICA DE COOKIES Y SU RELACI\u00d3N CON LA POL\u00cdTICA DE PRIVACIDAD<\/strong><\/p>\n<p>Recuerde que la Pol\u00edtica de Cookies forma parte de la pol\u00edtica de privacidad de OLELULE.<\/p>\n<p><strong>8.- MODIFICACI\u00d3N DE LA POL\u00cdTICA DE COOKIESr<\/strong><br \/>\nOLELULE puede modificar unilateralmente la Pol\u00edtica de Cookies, en el caso que exista alg\u00fan canvio en la legislaci\u00f3n vigente, de la doctrina jurisprudencial o de criterios internos. Cualquier canvio que se introduzca en esta pol\u00edtica la publicaremos en esta misma direcci\u00f3n.[\/vc_column_text][\/vc_column][\/vc_row]<\/p>","protected":false},"excerpt":{"rendered":"<p>[vc_row][vc_column][vc_column_text]1.- QUE SON LAS COOKIES Las cookies son ficheros de actividad que permiten conocer la activitat realitzada por usted como a Usuario y que tienen la finalidad de establecer m\u00e9tricas sobre el uso del mismo i los contenidos m\u00e1s visitados, com\u00fanmente conocido como &#8220;experiencia de usuario&#8221;. 2.- TIPOS DE COOKIES Seg\u00fan diferentes criterios de clasificaci\u00f3n, [&hellip;]<\/p>\n","protected":false},"author":1,"featured_media":0,"parent":0,"menu_order":0,"comment_status":"closed","ping_status":"closed","template":"","meta":[],"yoast_head":"<!-- This site is optimized with the Yoast SEO plugin v17.5 - https:\/\/yoast.com\/wordpress\/plugins\/seo\/ -->\n<title>Pol\u00edtica de Cookies - Olelule<\/title>\n<meta name=\"robots\" content=\"index, follow, max-snippet:-1, max-image-preview:large, max-video-preview:-1\" \/>\n<link rel=\"canonical\" href=\"https:\/\/olelule.com\/politica-de-cookies\/\" \/>\n<meta property=\"og:locale\" content=\"es_ES\" \/>\n<meta property=\"og:type\" content=\"article\" \/>\n<meta property=\"og:title\" content=\"Pol\u00edtica de Cookies - Olelule\" \/>\n<meta property=\"og:description\" content=\"[vc_row][vc_column][vc_column_text]1.- QUE SON LAS COOKIES Las cookies son ficheros de actividad que permiten conocer la activitat realitzada por usted como a Usuario y que tienen la finalidad de establecer m\u00e9tricas sobre el uso del mismo i los contenidos m\u00e1s visitados, com\u00fanmente conocido como &#8220;experiencia de usuario&#8221;. 2.- TIPOS DE COOKIES Seg\u00fan diferentes criterios de clasificaci\u00f3n, [&hellip;]\" \/>\n<meta property=\"og:url\" content=\"https:\/\/olelule.com\/politica-de-cookies\/\" \/>\n<meta property=\"og:site_name\" content=\"Olelule\" \/>\n<meta property=\"article:modified_time\" content=\"2020-06-29T14:52:45+00:00\" \/>\n<meta name=\"twitter:card\" content=\"summary_large_image\" \/>\n<meta name=\"twitter:label1\" content=\"Tiempo de lectura\" \/>\n\t<meta name=\"twitter:data1\" content=\"20 minutos\" \/>\n<script type=\"application\/ld+json\" class=\"yoast-schema-graph\">{\"@context\":\"https:\/\/schema.org\",\"@graph\":[{\"@type\":\"WebSite\",\"@id\":\"https:\/\/olelule.com\/#website\",\"url\":\"https:\/\/olelule.com\/\",\"name\":\"Olelule\",\"description\":\"Estovalles d&#039;hule i altres articles t\\u00e8xtils\",\"potentialAction\":[{\"@type\":\"SearchAction\",\"target\":{\"@type\":\"EntryPoint\",\"urlTemplate\":\"https:\/\/olelule.com\/?s={search_term_string}\"},\"query-input\":\"required name=search_term_string\"}],\"inLanguage\":\"es\"},{\"@type\":\"WebPage\",\"@id\":\"https:\/\/olelule.com\/politica-de-cookies\/#webpage\",\"url\":\"https:\/\/olelule.com\/politica-de-cookies\/\",\"name\":\"Pol\\u00edtica de Cookies - Olelule\",\"isPartOf\":{\"@id\":\"https:\/\/olelule.com\/#website\"},\"datePublished\":\"2020-04-29T13:00:11+00:00\",\"dateModified\":\"2020-06-29T14:52:45+00:00\",\"breadcrumb\":{\"@id\":\"https:\/\/olelule.com\/politica-de-cookies\/#breadcrumb\"},\"inLanguage\":\"es\",\"potentialAction\":[{\"@type\":\"ReadAction\",\"target\":[\"https:\/\/olelule.com\/politica-de-cookies\/\"]}]},{\"@type\":\"BreadcrumbList\",\"@id\":\"https:\/\/olelule.com\/politica-de-cookies\/#breadcrumb\",\"itemListElement\":[{\"@type\":\"ListItem\",\"position\":1,\"name\":\"Inici\",\"item\":\"https:\/\/olelule.com\/\"},{\"@type\":\"ListItem\",\"position\":2,\"name\":\"Pol\\u00edtica de Cookies\"}]}]}<\/script>\n<!-- \/ Yoast SEO plugin. -->","yoast_head_json":{"title":"Pol\u00edtica de Cookies - Olelule","robots":{"index":"index","follow":"follow","max-snippet":"max-snippet:-1","max-image-preview":"max-image-preview:large","max-video-preview":"max-video-preview:-1"},"canonical":"https:\/\/olelule.com\/politica-de-cookies\/","og_locale":"es_ES","og_type":"article","og_title":"Pol\u00edtica de Cookies - Olelule","og_description":"[vc_row][vc_column][vc_column_text]1.- QUE SON LAS COOKIES Las cookies son ficheros de actividad que permiten conocer la activitat realitzada por usted como a Usuario y que tienen la finalidad de establecer m\u00e9tricas sobre el uso del mismo i los contenidos m\u00e1s visitados, com\u00fanmente conocido como &#8220;experiencia de usuario&#8221;. 2.- TIPOS DE COOKIES Seg\u00fan diferentes criterios de clasificaci\u00f3n, [&hellip;]","og_url":"https:\/\/olelule.com\/politica-de-cookies\/","og_site_name":"Olelule","article_modified_time":"2020-06-29T14:52:45+00:00","twitter_card":"summary_large_image","twitter_misc":{"Tiempo de lectura":"20 minutos"},"schema":{"@context":"https:\/\/schema.org","@graph":[{"@type":"WebSite","@id":"https:\/\/olelule.com\/#website","url":"https:\/\/olelule.com\/","name":"Olelule","description":"Estovalles d&#039;hule i altres articles t\u00e8xtils","potentialAction":[{"@type":"SearchAction","target":{"@type":"EntryPoint","urlTemplate":"https:\/\/olelule.com\/?s={search_term_string}"},"query-input":"required name=search_term_string"}],"inLanguage":"es"},{"@type":"WebPage","@id":"https:\/\/olelule.com\/politica-de-cookies\/#webpage","url":"https:\/\/olelule.com\/politica-de-cookies\/","name":"Pol\u00edtica de Cookies - Olelule","isPartOf":{"@id":"https:\/\/olelule.com\/#website"},"datePublished":"2020-04-29T13:00:11+00:00","dateModified":"2020-06-29T14:52:45+00:00","breadcrumb":{"@id":"https:\/\/olelule.com\/politica-de-cookies\/#breadcrumb"},"inLanguage":"es","potentialAction":[{"@type":"ReadAction","target":["https:\/\/olelule.com\/politica-de-cookies\/"]}]},{"@type":"BreadcrumbList","@id":"https:\/\/olelule.com\/politica-de-cookies\/#breadcrumb","itemListElement":[{"@type":"ListItem","position":1,"name":"Inici","item":"https:\/\/olelule.com\/"},{"@type":"ListItem","position":2,"name":"Pol\u00edtica de Cookies"}]}]}},"_links":{"self":[{"href":"https:\/\/olelule.com\/es\/wp-json\/wp\/v2\/pages\/6113"}],"collection":[{"href":"https:\/\/olelule.com\/es\/wp-json\/wp\/v2\/pages"}],"about":[{"href":"https:\/\/olelule.com\/es\/wp-json\/wp\/v2\/types\/page"}],"author":[{"embeddable":true,"href":"https:\/\/olelule.com\/es\/wp-json\/wp\/v2\/users\/1"}],"replies":[{"embeddable":true,"href":"https:\/\/olelule.com\/es\/wp-json\/wp\/v2\/comments?post=6113"}],"version-history":[{"count":6,"href":"https:\/\/olelule.com\/es\/wp-json\/wp\/v2\/pages\/6113\/revisions"}],"predecessor-version":[{"id":6834,"href":"https:\/\/olelule.com\/es\/wp-json\/wp\/v2\/pages\/6113\/revisions\/6834"}],"wp:attachment":[{"href":"https:\/\/olelule.com\/es\/wp-json\/wp\/v2\/media?parent=6113"}],"curies":[{"name":"wp","href":"https:\/\/api.w.org\/{rel}","templated":true}]}}