{"id":6064,"date":"2020-04-29T12:10:16","date_gmt":"2020-04-29T12:10:16","guid":{"rendered":"https:\/\/olelule.bcnagency.com\/?page_id=6064"},"modified":"2023-12-11T11:38:01","modified_gmt":"2023-12-11T11:38:01","slug":"avis-legal","status":"publish","type":"page","link":"https:\/\/olelule.com\/es\/avis-legal\/","title":{"rendered":"Aviso legal"},"content":{"rendered":"<p>[vc_row][vc_column][vc_column_text]<\/p>\n<p class=\"p1\"><strong><span class=\"s1\">Objecte i acceptaci\u00f3<\/span><\/strong><\/p>\n<p class=\"p2\"><span class=\"s1\">El present av\u00eds legal regula l&#8217;\u00fas del web www.olelule.com que \u00e9s de titularitat de Olelule.<\/span><\/p>\n<p class=\"p2\"><span class=\"s1\">La navegaci\u00f3 pel lloc web de Olelule atribueix la condici\u00f3 d&#8217;usuari de la mateixa i suposa l&#8217;acceptaci\u00f3 plena i sense reserves de totes i cadascuna de les disposicions incloses en aquest Av\u00eds Legal, susceptibles de patir modificacions.<\/span><\/p>\n<p class=\"p2\"><span class=\"s1\">L&#8217;usuari est\u00e0 obligat a fer un \u00fas correcte del web de conformitat amb la llei, la bona fe, l&#8217;ordre p\u00fablic, els usos de l&#8217;tr\u00e0nsit i el present Av\u00eds Legal.\u00a0L&#8217;usuari respondr\u00e0 davant el propietari del web o davant tercers pels danys i perjudicis que puguin sorgir com a conseq\u00fc\u00e8ncia de l&#8217;incompliment d&#8217;aquesta obligaci\u00f3.<\/span><\/p>\n<p class=\"p1\"><strong><span class=\"s1\">Identificaci\u00f3<\/span><\/strong><\/p>\n<p class=\"p2\"><span class=\"s1\">Olelule en compliment de llei 34\/2002, de 11 de juliol, de serveis de la societat de la informaci\u00f3 i comer\u00e7 Electr\u00f2nics (LSSI), l&#8217;informa que:<\/span><\/p>\n<p class=\"p2\"><span class=\"s1\">La seva denominaci\u00f3 social \u00e9s: Olelule<\/span><\/p>\n<p class=\"p2\"><span class=\"s1\">El seu nom comercial \u00e9s Olelule<\/span><\/p>\n<p class=\"p2\"><span class=\"s1\">El seu CIF \u00e9s: XXXXXXXXX <\/span><\/p>\n<p class=\"p1\"><strong><span class=\"s1\">Condicions d&#8217;acc\u00e9s i \u00fas:<\/span><\/strong><\/p>\n<p class=\"p2\"><span class=\"s1\">El lloc web i els seus serveis s\u00f3n d&#8217;acc\u00e9s lliure i gratu\u00eft, no obstant aix\u00f2, Olelule condiciona l&#8217;\u00fas d&#8217;alguns dels serveis oferts al seu lloc web al previ ompliment de l&#8217;corresponent formulari.<\/span><\/p>\n<p class=\"p2\"><span class=\"s1\">L&#8217;usuari garanteix l&#8217;autenticitat i actualitat de totes les dades que comuniqui a Olelule i ser\u00e0 \u00fanic responsable de les manifestacions falses o inexactes que dugui a terme.<\/span><\/p>\n<p class=\"p2\"><span class=\"s1\">L&#8217;usuari es compromet a fer un \u00fas adequat dels continguts i serveis de Olelule ia no fer-ne, entre altres coses: difusi\u00f3 de continguts delictius, violents, pornogr\u00e0fics, racistes, xen\u00f2fobs, ofensius, d&#8217;apologia de terrorisme o, en general , contraris a la llei o als l&#8217;ordre p\u00fablic, com, per exemple:<\/span><\/p>\n<p class=\"p2\"><span class=\"s1\">Introduir a la xarxa virus inform\u00e0tics o realitzar actuacions susceptibles d&#8217;alterar, danyar, interrompre o generar errors o danys en les dades, documents electr\u00f2nics en les dades o en els sistemes f\u00edsics i l\u00f2gics de l&#8217;propietari de la p\u00e0gina web o de tercers, aix\u00ed com obstaculitzar l&#8217; acc\u00e9s d&#8217;altres usuaris a la p\u00e0gina web i als seus serveis mitjan\u00e7ant el consum massiu dels recursos inform\u00e0tics a trav\u00e9s dels quals el propietari de la p\u00e0gina web presta els seus serveis.<\/span><\/p>\n<p class=\"p2\"><span class=\"s1\">Intentar obtenir acc\u00e9s als comptes de correu electr\u00f2nic d&#8217;altres usuaris oa \u00e0rees restringides dels sistemes inform\u00e0tics de Olelule o de tercers i, si s&#8217;escau, extreure informaci\u00f3.<\/span><\/p>\n<p class=\"p2\"><span class=\"s1\">Vulnerar els drets de propietat intel\u00b7lectual o industrial, aix\u00ed com violar la confidencialitat de la informaci\u00f3 de l&#8217;Olelule o tercers.<\/span><\/p>\n<p class=\"p2\"><span class=\"s1\">Suplantar la identitat d&#8217;un altre usuari, de les administracions p\u00fabliques o d&#8217;un tercer.<\/span><\/p>\n<p class=\"p2\"><span class=\"s1\">Reproduir, copiar, distribuir, posar a disposici\u00f3 o de qualsevol altra forma, comunicar p\u00fablicament, transformar o modificar els continguts, llevat que compti amb el perm\u00eds de l&#8217;titular dels corresponents drets o aix\u00f2 resulti legalment perm\u00e8s.<\/span><\/p>\n<p class=\"p2\"><span class=\"s1\">Demani dades amb finalitats publicit\u00e0ries i enviar publicitat de qualsevol classe i comunicacions amb fins de venda o altres de naturalesa comercial sense que hi hagi pr\u00e8via sol\u00b7licitud o consentiment.<\/span><\/p>\n<p class=\"p2\"><span class=\"s1\">Tots els continguts d&#8217;aquest lloc web, incloent-hi textos, fotografies, gr\u00e0fics, imatges, icones, tecnologia i programari, aix\u00ed com els seus disseny gr\u00e0fic i codis font, constitueixen una obra, la propietat pertany a Olelule sense que puguin entendre cedits a l&#8217;usuari cap dels drets d&#8217;explotaci\u00f3 sobre els mateixos m\u00e9s enll\u00e0 de l&#8217;estrictament necessari per al correcte \u00fas del lloc web.<\/span><\/p>\n<p class=\"p2\"><span class=\"s1\">En definitiva, els usuaris que accedeixin a aquest lloc web poden visualitzar els seus continguts i dur a terme, si cal, c\u00f2pies privades autoritzades, sempre que els elements reprodu\u00efts no es transfereixen a tercers, o s&#8217;instal\u00b7len en els servidors connectats a xarxes, ni siguin objecte de cap tipus d&#8217;explotaci\u00f3.\u00a0A m\u00e9s, tots els productes que apareixen al lloc web s\u00f3n propietat de Olelule sense que pot entendre que l&#8217;\u00fas o acc\u00e9s a la mateixa atribueix a el dret sobre els mateixos.<\/span><\/p>\n<p class=\"p2\"><span class=\"s1\">Queda prohibida la distribuci\u00f3, modificaci\u00f3, cessi\u00f3 o comunicaci\u00f3 p\u00fablica dels continguts i qualsevol altre acte que no hagi estat expressament autoritzada pel titular dels drets d&#8217;explotaci\u00f3.\u00a0L&#8217;establiment d&#8217;un hiperenlla\u00e7 no implica en cap cas, l&#8217;exist\u00e8ncia de relacions entre Olelule i el propietari de la p\u00e0gina web en la qual s&#8217;estableixi, ni l&#8217;acceptaci\u00f3 i aprovaci\u00f3 per part de Olelule dels seus continguts o serveis.\u00a0Aquells que vulguin establir un hiperenlla\u00e7 pr\u00e8viament, haur\u00e0 de sol\u00b7licitar autoritzaci\u00f3 per escrit a Olelule En qualsevol cas, l&#8217;hiperenlla\u00e7 nom\u00e9s permetr\u00e0 l&#8217;acc\u00e9s a la p\u00e0gina principal o p\u00e0gina d&#8217;inici del nostre lloc web.\u00a0Aix\u00ed mateix, vost\u00e8 haur\u00e0 d&#8217;abstenir-se de realitzar manifestacions o indicacions falses,<\/span><\/p>\n<p class=\"p2\"><span class=\"s1\">Olelule no \u00e9s responsable de l&#8217;\u00fas que cada usuari de als materials disponibles en aquest lloc web ni de les accions que dugui a terme en base als mateixos.<\/span><\/p>\n<p class=\"p1\"><strong><span class=\"s1\">Exclusi\u00f3 de garanties i responsabilitat:<\/span><\/strong><\/p>\n<p class=\"p2\"><span class=\"s1\">El contingut d&#8217;aquest lloc web \u00e9s de car\u00e0cter general i t\u00e9 una finalitat merament informativa, sense que es garanteixi plenament l&#8217;acc\u00e9s a tot el contingut, ni la seva exhaustivitat, correcci\u00f3, vig\u00e8ncia o actualitat ni la seva idone\u00eftat o utilitat per a un objectiu espec\u00edfic.<\/span><\/p>\n<p class=\"p2\"><span class=\"s1\">El propietari de la p\u00e0gina web exclou, fins on li permet l&#8217;ordenament jur\u00eddic, qualsevol responsabilitat per danys i perjudicis de qualsevol naturalesa derivats de:<\/span><\/p>\n<p class=\"p2\"><span class=\"s1\">a) La impossibilitat d&#8217;acc\u00e9s al web o la falta de veracitat, exactitud, exhaustivitat i \/ o actualitat dels continguts, aix\u00ed com l&#8217;exist\u00e8ncia de vicis i defectes de tota classe dels continguts transmesos, difosos, emmagatzemats, posats a disposici\u00f3, als quals s&#8217;hagi accedit a trav\u00e9s del web o dels serveis que s&#8217;ofereixen.<\/span><\/p>\n<p class=\"p2\"><span class=\"s1\">b) La pres\u00e8ncia de virus o altres elements en els continguts que puguin produir alteracions en els sistemes inform\u00e0tics, documents electr\u00f2nics o dades d&#8217;usuari.<\/span><\/p>\n<p class=\"p2\"><span class=\"s1\">c) L&#8217;incompliment de les lleis, la bona fe, l&#8217;ordre p\u00fablic, els usos de l&#8217;tr\u00e0nsit i el present av\u00eds legal, com a resultat de l&#8217;\u00fas incorrecte de la p\u00e0gina web.\u00a0En particular ia tall d&#8217;exemple, Olelule no es fa responsable de les actuacions de tercers que vulnerin drets de propietat intel\u00b7lectual i industrial, secrets empresarials, drets a l&#8217;honor, a la intimitat personal i familiar ia la pr\u00f2pia imatge, aix\u00ed com les normatives sobre compet\u00e8ncia deslleial i publicitat il\u00b7l\u00edcita.<\/span><\/p>\n<p class=\"p2\"><span class=\"s1\">Aix\u00ed mateix, Olelule declina qualsevol responsabilitat respecte a la informaci\u00f3 que es trobi fora d&#8217;aquest lloc web i no sigui gestionada directament pel nostre webmaster.\u00a0La funci\u00f3 dels enlla\u00e7os que apareixen en aquest lloc web \u00e9s exclusivament la d&#8217;informar a l&#8217;usuari sobre l&#8217;exist\u00e8ncia d&#8217;altres fonts que podrien ampliar els continguts oferts per aquest lloc web.\u00a0Olelule no garanteix ni \u00e9s responsable de l&#8217;funcionament o de l&#8217;acc\u00e9s als llocs enlla\u00e7ats, ni suggereix, convida o recomana la visita als mateixos, de manera que tampoc ser\u00e0 responsable dels resultats obtinguts.\u00a0El propietari de la p\u00e0gina web no \u00e9s responsable de l&#8217;establiment d&#8217;hipervincles per part de tercers.<\/span><\/p>\n<p class=\"p3\"><strong><span class=\"s1\">Publicacions:<\/span><\/strong><\/p>\n<p class=\"p2\"><span class=\"s1\">La informaci\u00f3 administrativa facilitada a trav\u00e9s d&#8217;aquest lloc web no substitueix la publicitat legal de les lleis, normatives, plans, disposicions generals i actes que han d&#8217;estar formalment publicats en els butlletins oficials de les administracions p\u00fabliques, que s\u00f3n l&#8217;\u00fanic instrument que d\u00f3na fe de la seva autenticitat i contingut.\u00a0La informaci\u00f3 disponible en aquest lloc web s&#8217;ha d&#8217;entendre com una guia sense prop\u00f2sit de validesa legal.<\/span><\/p>\n<p>[\/vc_column_text][\/vc_column][\/vc_row]<\/p>\n","protected":false},"excerpt":{"rendered":"<p>[vc_row][vc_column][vc_column_text] Objecte i acceptaci\u00f3 El present av\u00eds legal regula l&#8217;\u00fas del web www.olelule.com que \u00e9s de titularitat de Olelule. La navegaci\u00f3 pel lloc web de Olelule atribueix la condici\u00f3 d&#8217;usuari de la mateixa i suposa l&#8217;acceptaci\u00f3 plena i sense reserves de totes i cadascuna de les disposicions incloses en aquest Av\u00eds Legal, susceptibles de patir [&hellip;]<\/p>\n","protected":false},"author":1,"featured_media":0,"parent":0,"menu_order":0,"comment_status":"closed","ping_status":"closed","template":"","meta":[],"yoast_head":"<!-- This site is optimized with the Yoast SEO plugin v17.5 - https:\/\/yoast.com\/wordpress\/plugins\/seo\/ -->\n<title>Aviso legal - Olelule<\/title>\n<meta name=\"robots\" content=\"index, follow, max-snippet:-1, max-image-preview:large, max-video-preview:-1\" \/>\n<link rel=\"canonical\" href=\"https:\/\/olelule.com\/avis-legal\/\" \/>\n<meta property=\"og:locale\" content=\"es_ES\" \/>\n<meta property=\"og:type\" content=\"article\" \/>\n<meta property=\"og:title\" content=\"[:ca]Av\u00eds legal[:es]Aviso legal[:] - Olelule\" \/>\n<meta property=\"og:description\" content=\"[vc_row][vc_column][vc_column_text] Objecte i acceptaci\u00f3 El present av\u00eds legal regula l&#8217;\u00fas del web www.olelule.com que \u00e9s de titularitat de Olelule. La navegaci\u00f3 pel lloc web de Olelule atribueix la condici\u00f3 d&#8217;usuari de la mateixa i suposa l&#8217;acceptaci\u00f3 plena i sense reserves de totes i cadascuna de les disposicions incloses en aquest Av\u00eds Legal, susceptibles de patir [&hellip;]\" \/>\n<meta property=\"og:url\" content=\"https:\/\/olelule.com\/avis-legal\/\" \/>\n<meta property=\"og:site_name\" content=\"Olelule\" \/>\n<meta property=\"article:modified_time\" content=\"2023-12-11T11:38:01+00:00\" \/>\n<meta name=\"twitter:card\" content=\"summary_large_image\" \/>\n<meta name=\"twitter:label1\" content=\"Tiempo de lectura\" \/>\n\t<meta name=\"twitter:data1\" content=\"6 minutos\" \/>\n<script type=\"application\/ld+json\" class=\"yoast-schema-graph\">{\"@context\":\"https:\/\/schema.org\",\"@graph\":[{\"@type\":\"WebSite\",\"@id\":\"https:\/\/olelule.com\/#website\",\"url\":\"https:\/\/olelule.com\/\",\"name\":\"Olelule\",\"description\":\"Estovalles d&#039;hule i altres articles t\\u00e8xtils\",\"potentialAction\":[{\"@type\":\"SearchAction\",\"target\":{\"@type\":\"EntryPoint\",\"urlTemplate\":\"https:\/\/olelule.com\/?s={search_term_string}\"},\"query-input\":\"required name=search_term_string\"}],\"inLanguage\":\"es\"},{\"@type\":\"WebPage\",\"@id\":\"https:\/\/olelule.com\/avis-legal\/#webpage\",\"url\":\"https:\/\/olelule.com\/avis-legal\/\",\"name\":\"[:ca]Av\\u00eds legal[:es]Aviso legal[:] - Olelule\",\"isPartOf\":{\"@id\":\"https:\/\/olelule.com\/#website\"},\"datePublished\":\"2020-04-29T12:10:16+00:00\",\"dateModified\":\"2023-12-11T11:38:01+00:00\",\"breadcrumb\":{\"@id\":\"https:\/\/olelule.com\/avis-legal\/#breadcrumb\"},\"inLanguage\":\"es\",\"potentialAction\":[{\"@type\":\"ReadAction\",\"target\":[\"https:\/\/olelule.com\/avis-legal\/\"]}]},{\"@type\":\"BreadcrumbList\",\"@id\":\"https:\/\/olelule.com\/avis-legal\/#breadcrumb\",\"itemListElement\":[{\"@type\":\"ListItem\",\"position\":1,\"name\":\"Inici\",\"item\":\"https:\/\/olelule.com\/\"},{\"@type\":\"ListItem\",\"position\":2,\"name\":\"[:ca]Av\\u00eds legal[:es]Aviso legal[:]\"}]}]}<\/script>\n<!-- \/ Yoast SEO plugin. -->","yoast_head_json":{"title":"[:ca]Av\u00eds legal[:es]Aviso legal[:] - Olelule","robots":{"index":"index","follow":"follow","max-snippet":"max-snippet:-1","max-image-preview":"max-image-preview:large","max-video-preview":"max-video-preview:-1"},"canonical":"https:\/\/olelule.com\/avis-legal\/","og_locale":"es_ES","og_type":"article","og_title":"[:ca]Av\u00eds legal[:es]Aviso legal[:] - Olelule","og_description":"[vc_row][vc_column][vc_column_text] Objecte i acceptaci\u00f3 El present av\u00eds legal regula l&#8217;\u00fas del web www.olelule.com que \u00e9s de titularitat de Olelule. La navegaci\u00f3 pel lloc web de Olelule atribueix la condici\u00f3 d&#8217;usuari de la mateixa i suposa l&#8217;acceptaci\u00f3 plena i sense reserves de totes i cadascuna de les disposicions incloses en aquest Av\u00eds Legal, susceptibles de patir [&hellip;]","og_url":"https:\/\/olelule.com\/avis-legal\/","og_site_name":"Olelule","article_modified_time":"2023-12-11T11:38:01+00:00","twitter_card":"summary_large_image","twitter_misc":{"Tiempo de lectura":"6 minutos"},"schema":{"@context":"https:\/\/schema.org","@graph":[{"@type":"WebSite","@id":"https:\/\/olelule.com\/#website","url":"https:\/\/olelule.com\/","name":"Olelule","description":"Estovalles d&#039;hule i altres articles t\u00e8xtils","potentialAction":[{"@type":"SearchAction","target":{"@type":"EntryPoint","urlTemplate":"https:\/\/olelule.com\/?s={search_term_string}"},"query-input":"required name=search_term_string"}],"inLanguage":"es"},{"@type":"WebPage","@id":"https:\/\/olelule.com\/avis-legal\/#webpage","url":"https:\/\/olelule.com\/avis-legal\/","name":"[:ca]Av\u00eds legal[:es]Aviso legal[:] - Olelule","isPartOf":{"@id":"https:\/\/olelule.com\/#website"},"datePublished":"2020-04-29T12:10:16+00:00","dateModified":"2023-12-11T11:38:01+00:00","breadcrumb":{"@id":"https:\/\/olelule.com\/avis-legal\/#breadcrumb"},"inLanguage":"es","potentialAction":[{"@type":"ReadAction","target":["https:\/\/olelule.com\/avis-legal\/"]}]},{"@type":"BreadcrumbList","@id":"https:\/\/olelule.com\/avis-legal\/#breadcrumb","itemListElement":[{"@type":"ListItem","position":1,"name":"Inici","item":"https:\/\/olelule.com\/"},{"@type":"ListItem","position":2,"name":"[:ca]Av\u00eds legal[:es]Aviso legal[:]"}]}]}},"_links":{"self":[{"href":"https:\/\/olelule.com\/es\/wp-json\/wp\/v2\/pages\/6064"}],"collection":[{"href":"https:\/\/olelule.com\/es\/wp-json\/wp\/v2\/pages"}],"about":[{"href":"https:\/\/olelule.com\/es\/wp-json\/wp\/v2\/types\/page"}],"author":[{"embeddable":true,"href":"https:\/\/olelule.com\/es\/wp-json\/wp\/v2\/users\/1"}],"replies":[{"embeddable":true,"href":"https:\/\/olelule.com\/es\/wp-json\/wp\/v2\/comments?post=6064"}],"version-history":[{"count":8,"href":"https:\/\/olelule.com\/es\/wp-json\/wp\/v2\/pages\/6064\/revisions"}],"predecessor-version":[{"id":8346,"href":"https:\/\/olelule.com\/es\/wp-json\/wp\/v2\/pages\/6064\/revisions\/8346"}],"wp:attachment":[{"href":"https:\/\/olelule.com\/es\/wp-json\/wp\/v2\/media?parent=6064"}],"curies":[{"name":"wp","href":"https:\/\/api.w.org\/{rel}","templated":true}]}}