{"id":6055,"date":"2020-04-29T12:07:21","date_gmt":"2020-04-29T12:07:21","guid":{"rendered":"https:\/\/olelule.bcnagency.com\/?page_id=6055"},"modified":"2020-06-23T16:39:04","modified_gmt":"2020-06-23T16:39:04","slug":"ules-plastico-ules-mesas-protectores-mesa-alfombras","status":"publish","type":"page","link":"https:\/\/olelule.com\/es\/ules-plastico-ules-mesas-protectores-mesa-alfombras\/","title":{"rendered":"Contacto"},"content":{"rendered":"<p>[vc_row css=&#8221;.vc_custom_1464951274092{margin-top: 60px !important;margin-bottom: 60px !important;}&#8221;][vc_column width=&#8221;1\/2&#8243;][vc_column_text css=&#8221;.vc_custom_1592922114770{margin-bottom: 1em !important;}&#8221;]<\/p>\n<h3>Formulario de contacto<\/h3>\n<p>[\/vc_column_text]<div role=\"form\" class=\"wpcf7\" id=\"wpcf7-f3863-o2\" lang=\"en-US\" dir=\"ltr\">\n<div class=\"screen-reader-response\"><p role=\"status\" aria-live=\"polite\" aria-atomic=\"true\"><\/p> <ul><\/ul><\/div>\n<form action=\"\/es\/wp-json\/wp\/v2\/pages\/6055#wpcf7-f3863-o2\" method=\"post\" class=\"wpcf7-form init\" novalidate=\"novalidate\" data-status=\"init\">\n<div style=\"display: none;\">\n<input type=\"hidden\" name=\"_wpcf7\" value=\"3863\" \/>\n<input type=\"hidden\" name=\"_wpcf7_version\" value=\"5.5.2\" \/>\n<input type=\"hidden\" name=\"_wpcf7_locale\" value=\"en_US\" \/>\n<input type=\"hidden\" name=\"_wpcf7_unit_tag\" value=\"wpcf7-f3863-o2\" \/>\n<input type=\"hidden\" name=\"_wpcf7_container_post\" value=\"0\" \/>\n<input type=\"hidden\" name=\"_wpcf7_posted_data_hash\" value=\"\" \/>\n<\/div>\n<p>Nom (*)<br \/>\n    <span class=\"wpcf7-form-control-wrap your-name\"><input type=\"text\" name=\"your-name\" value=\"\" size=\"40\" class=\"wpcf7-form-control wpcf7-text wpcf7-validates-as-required\" aria-required=\"true\" aria-invalid=\"false\" \/><\/span> <\/p>\n<p>Email (*)<br \/>\n    <span class=\"wpcf7-form-control-wrap your-email\"><input type=\"email\" name=\"your-email\" value=\"\" size=\"40\" class=\"wpcf7-form-control wpcf7-text wpcf7-email wpcf7-validates-as-required wpcf7-validates-as-email\" aria-required=\"true\" aria-invalid=\"false\" \/><\/span> <\/p>\n<p>Assumpte<br \/>\n    <span class=\"wpcf7-form-control-wrap your-subject\"><input type=\"text\" name=\"your-subject\" value=\"\" size=\"40\" class=\"wpcf7-form-control wpcf7-text\" aria-invalid=\"false\" \/><\/span> <\/p>\n<p>Missatge<br \/>\n    <span class=\"wpcf7-form-control-wrap your-message\"><textarea name=\"your-message\" cols=\"40\" rows=\"10\" class=\"wpcf7-form-control wpcf7-textarea\" aria-invalid=\"false\"><\/textarea><\/span> <\/p>\n<p><input type=\"submit\" value=\"Enviar\" class=\"wpcf7-form-control has-spinner wpcf7-submit\" \/><\/p>\n<div class=\"wpcf7-response-output\" aria-hidden=\"true\"><\/div><\/form><\/div>[\/vc_column][vc_column width=&#8221;1\/2&#8243;][vc_column_text css=&#8221;.vc_custom_1592923748090{margin-bottom: 1em !important;}&#8221;]<\/p>\n<h3>Informaci\u00f3n de contacto<\/h3>\n<p>[\/vc_column_text][vc_column_text]Ponemos a vuestra disposici\u00f3n un servicio de atenci\u00f3n al cliente, mercanc\u00edas, condiciones de entrega, cambios, incidencias o cualquier tema que quer\u00e1is compartir con nosotros. Vuestros comentarios y sugerencias ser\u00e1n atendidos tan pronto como nos sea posible. Rellenad el siguiente formulario.<\/p>\n<p>Barcelona, Sant Celoni<\/p>\n<p><i class=\"fa fa-phone\"><\/i> 623 10 66 44<\/p>\n<p><i class=\"fa fa-envelope\"><\/i> olelule.info@gmail.com<\/p>\n<p><i class=\"fa fa-clock-o\"><\/i> 24\/7[\/vc_column_text][vc_single_image image=&#8221;6106&#8243; img_size=&#8221;full&#8221;][\/vc_column][\/vc_row]<\/p>","protected":false},"excerpt":{"rendered":"<p>[vc_row css=&#8221;.vc_custom_1464951274092{margin-top: 60px !important;margin-bottom: 60px !important;}&#8221;][vc_column width=&#8221;1\/2&#8243;][vc_column_text css=&#8221;.vc_custom_1592922114770{margin-bottom: 1em !important;}&#8221;] Formulario de contacto [\/vc_column_text][\/vc_column][vc_column width=&#8221;1\/2&#8243;][vc_column_text css=&#8221;.vc_custom_1592923748090{margin-bottom: 1em !important;}&#8221;] Informaci\u00f3n de contacto [\/vc_column_text][vc_column_text]Ponemos a vuestra disposici\u00f3n un servicio de atenci\u00f3n al cliente, mercanc\u00edas, condiciones de entrega, cambios, incidencias o cualquier tema que quer\u00e1is compartir con nosotros. Vuestros comentarios y sugerencias ser\u00e1n atendidos tan pronto como nos [&hellip;]<\/p>\n","protected":false},"author":1,"featured_media":0,"parent":0,"menu_order":0,"comment_status":"closed","ping_status":"closed","template":"","meta":[],"yoast_head":"<!-- This site is optimized with the Yoast SEO plugin v17.5 - https:\/\/yoast.com\/wordpress\/plugins\/seo\/ -->\n<title>Olelule | Ules pl\u00e1stico, Ules mesas, Protectores mesa, Alfombras<\/title>\n<meta name=\"description\" content=\"Ules pl\u00e1stico, Ules mesas, Protectores mesa, Alfombras\" \/>\n<meta name=\"robots\" content=\"index, follow, max-snippet:-1, max-image-preview:large, max-video-preview:-1\" \/>\n<link rel=\"canonical\" href=\"https:\/\/olelule.com\/ules-plastico-ules-mesas-protectores-mesa-alfombras\/\" \/>\n<meta property=\"og:locale\" content=\"es_ES\" \/>\n<meta property=\"og:type\" content=\"article\" \/>\n<meta property=\"og:title\" content=\"Olelule | Ules pl\u00e1stico, Ules mesas, Protectores mesa, Alfombras\" \/>\n<meta property=\"og:description\" content=\"Ules pl\u00e1stico, Ules mesas, Protectores mesa, Alfombras\" \/>\n<meta property=\"og:url\" content=\"https:\/\/olelule.com\/ules-plastico-ules-mesas-protectores-mesa-alfombras\/\" \/>\n<meta property=\"og:site_name\" content=\"Olelule\" \/>\n<meta property=\"article:modified_time\" content=\"2020-06-23T16:39:04+00:00\" \/>\n<meta name=\"twitter:card\" content=\"summary_large_image\" \/>\n<meta name=\"twitter:label1\" content=\"Tiempo de lectura\" \/>\n\t<meta name=\"twitter:data1\" content=\"1 minuto\" \/>\n<script type=\"application\/ld+json\" class=\"yoast-schema-graph\">{\"@context\":\"https:\/\/schema.org\",\"@graph\":[{\"@type\":\"WebSite\",\"@id\":\"https:\/\/olelule.com\/#website\",\"url\":\"https:\/\/olelule.com\/\",\"name\":\"Olelule\",\"description\":\"Estovalles d&#039;hule i altres articles t\\u00e8xtils\",\"potentialAction\":[{\"@type\":\"SearchAction\",\"target\":{\"@type\":\"EntryPoint\",\"urlTemplate\":\"https:\/\/olelule.com\/?s={search_term_string}\"},\"query-input\":\"required name=search_term_string\"}],\"inLanguage\":\"es\"},{\"@type\":\"WebPage\",\"@id\":\"https:\/\/olelule.com\/ules-plastico-ules-mesas-protectores-mesa-alfombras\/#webpage\",\"url\":\"https:\/\/olelule.com\/ules-plastico-ules-mesas-protectores-mesa-alfombras\/\",\"name\":\"Olelule | Ules pl\\u00e1stico, Ules mesas, Protectores mesa, Alfombras\",\"isPartOf\":{\"@id\":\"https:\/\/olelule.com\/#website\"},\"datePublished\":\"2020-04-29T12:07:21+00:00\",\"dateModified\":\"2020-06-23T16:39:04+00:00\",\"description\":\"Ules pl\\u00e1stico, Ules mesas, Protectores mesa, Alfombras\",\"breadcrumb\":{\"@id\":\"https:\/\/olelule.com\/ules-plastico-ules-mesas-protectores-mesa-alfombras\/#breadcrumb\"},\"inLanguage\":\"es\",\"potentialAction\":[{\"@type\":\"ReadAction\",\"target\":[\"https:\/\/olelule.com\/ules-plastico-ules-mesas-protectores-mesa-alfombras\/\"]}]},{\"@type\":\"BreadcrumbList\",\"@id\":\"https:\/\/olelule.com\/ules-plastico-ules-mesas-protectores-mesa-alfombras\/#breadcrumb\",\"itemListElement\":[{\"@type\":\"ListItem\",\"position\":1,\"name\":\"Inici\",\"item\":\"https:\/\/olelule.com\/\"},{\"@type\":\"ListItem\",\"position\":2,\"name\":\"Contacte\"}]}]}<\/script>\n<!-- \/ Yoast SEO plugin. -->","yoast_head_json":{"title":"Olelule | Ules pl\u00e1stico, Ules mesas, Protectores mesa, Alfombras","description":"Ules pl\u00e1stico, Ules mesas, Protectores mesa, Alfombras","robots":{"index":"index","follow":"follow","max-snippet":"max-snippet:-1","max-image-preview":"max-image-preview:large","max-video-preview":"max-video-preview:-1"},"canonical":"https:\/\/olelule.com\/ules-plastico-ules-mesas-protectores-mesa-alfombras\/","og_locale":"es_ES","og_type":"article","og_title":"Olelule | Ules pl\u00e1stico, Ules mesas, Protectores mesa, Alfombras","og_description":"Ules pl\u00e1stico, Ules mesas, Protectores mesa, Alfombras","og_url":"https:\/\/olelule.com\/ules-plastico-ules-mesas-protectores-mesa-alfombras\/","og_site_name":"Olelule","article_modified_time":"2020-06-23T16:39:04+00:00","twitter_card":"summary_large_image","twitter_misc":{"Tiempo de lectura":"1 minuto"},"schema":{"@context":"https:\/\/schema.org","@graph":[{"@type":"WebSite","@id":"https:\/\/olelule.com\/#website","url":"https:\/\/olelule.com\/","name":"Olelule","description":"Estovalles d&#039;hule i altres articles t\u00e8xtils","potentialAction":[{"@type":"SearchAction","target":{"@type":"EntryPoint","urlTemplate":"https:\/\/olelule.com\/?s={search_term_string}"},"query-input":"required name=search_term_string"}],"inLanguage":"es"},{"@type":"WebPage","@id":"https:\/\/olelule.com\/ules-plastico-ules-mesas-protectores-mesa-alfombras\/#webpage","url":"https:\/\/olelule.com\/ules-plastico-ules-mesas-protectores-mesa-alfombras\/","name":"Olelule | Ules pl\u00e1stico, Ules mesas, Protectores mesa, Alfombras","isPartOf":{"@id":"https:\/\/olelule.com\/#website"},"datePublished":"2020-04-29T12:07:21+00:00","dateModified":"2020-06-23T16:39:04+00:00","description":"Ules pl\u00e1stico, Ules mesas, Protectores mesa, Alfombras","breadcrumb":{"@id":"https:\/\/olelule.com\/ules-plastico-ules-mesas-protectores-mesa-alfombras\/#breadcrumb"},"inLanguage":"es","potentialAction":[{"@type":"ReadAction","target":["https:\/\/olelule.com\/ules-plastico-ules-mesas-protectores-mesa-alfombras\/"]}]},{"@type":"BreadcrumbList","@id":"https:\/\/olelule.com\/ules-plastico-ules-mesas-protectores-mesa-alfombras\/#breadcrumb","itemListElement":[{"@type":"ListItem","position":1,"name":"Inici","item":"https:\/\/olelule.com\/"},{"@type":"ListItem","position":2,"name":"Contacte"}]}]}},"_links":{"self":[{"href":"https:\/\/olelule.com\/es\/wp-json\/wp\/v2\/pages\/6055"}],"collection":[{"href":"https:\/\/olelule.com\/es\/wp-json\/wp\/v2\/pages"}],"about":[{"href":"https:\/\/olelule.com\/es\/wp-json\/wp\/v2\/types\/page"}],"author":[{"embeddable":true,"href":"https:\/\/olelule.com\/es\/wp-json\/wp\/v2\/users\/1"}],"replies":[{"embeddable":true,"href":"https:\/\/olelule.com\/es\/wp-json\/wp\/v2\/comments?post=6055"}],"version-history":[{"count":11,"href":"https:\/\/olelule.com\/es\/wp-json\/wp\/v2\/pages\/6055\/revisions"}],"predecessor-version":[{"id":6809,"href":"https:\/\/olelule.com\/es\/wp-json\/wp\/v2\/pages\/6055\/revisions\/6809"}],"wp:attachment":[{"href":"https:\/\/olelule.com\/es\/wp-json\/wp\/v2\/media?parent=6055"}],"curies":[{"name":"wp","href":"https:\/\/api.w.org\/{rel}","templated":true}]}}