{"id":4082,"date":"2016-04-05T15:20:39","date_gmt":"2016-04-05T15:20:39","guid":{"rendered":"http:\/\/janstudio.net\/gecko\/?page_id=4082"},"modified":"2023-12-11T11:42:11","modified_gmt":"2023-12-11T11:42:11","slug":"hules-de-plastico-hules-de-mesa-rectangular-hules-de-plastico-transparente-hules-de-plastico-impermeable-para-mesa-hules-de-de-mesa-rectangular-plastico-hules-de-plasticos-baratos-ules-de-mesa-ules-d","status":"publish","type":"page","link":"https:\/\/olelule.com\/es\/","title":{"rendered":"Olelule"},"content":{"rendered":"<p>[vc_row fullwidth=&#8221;yes&#8221; equal_height=&#8221;yes&#8221; css=&#8221;.vc_custom_1599657944269{margin-top: 0px !important;margin-bottom: 0px !important;border-top-width: 0px !important;border-bottom-width: 0px !important;padding-top: 0px !important;padding-bottom: 0px !important;background-color: #f8f8fa !important;}&#8221;][vc_column][vc_column_text css=&#8221;.vc_custom_1591644502235{margin-top: 0px !important;margin-bottom: 0px !important;border-top-width: 0px !important;border-bottom-width: 0px !important;padding-top: 0px !important;padding-bottom: 0px !important;}&#8221;]<\/p>\n<p style=\"text-align: center;\"><a href=\"https:\/\/olelule.com\/productes\/\">Productes Olelule<\/a><\/p>\n<p>[\/vc_column_text][vc_single_image image=&#8221;7964&#8243; img_size=&#8221;full&#8221; alignment=&#8221;center&#8221; css=&#8221;.vc_custom_1636762417817{margin-top: 0px !important;margin-bottom: 0px !important;border-top-width: 0px !important;border-bottom-width: 0px !important;padding-top: 0px !important;padding-bottom: 0px !important;}&#8221;][vc_column_text css=&#8221;.vc_custom_1599657935640{margin-top: 0px !important;margin-bottom: 0px !important;border-top-width: 0px !important;border-bottom-width: 0px !important;padding-top: 0px !important;padding-bottom: 0px !important;}&#8221;]<a href=\"https:\/\/www.instagram.com\/olelule2019\/?hl=es\" target=\"_blank\" rel=\"noopener noreferrer\"><img loading=\"lazy\" class=\"wp-image-6964 aligncenter\" src=\"https:\/\/olelule.com\/wp-content\/uploads\/2020\/09\/Instagram-emblema-300x169.png\" alt=\"\" width=\"140\" height=\"79\" srcset=\"https:\/\/olelule.com\/wp-content\/uploads\/2020\/09\/Instagram-emblema-300x169.png 300w, https:\/\/olelule.com\/wp-content\/uploads\/2020\/09\/Instagram-emblema-1024x576.png 1024w, https:\/\/olelule.com\/wp-content\/uploads\/2020\/09\/Instagram-emblema-150x84.png 150w, https:\/\/olelule.com\/wp-content\/uploads\/2020\/09\/Instagram-emblema-768x432.png 768w, https:\/\/olelule.com\/wp-content\/uploads\/2020\/09\/Instagram-emblema-1536x864.png 1536w, https:\/\/olelule.com\/wp-content\/uploads\/2020\/09\/Instagram-emblema-2048x1152.png 2048w, https:\/\/olelule.com\/wp-content\/uploads\/2020\/09\/Instagram-emblema-470x264.png 470w, https:\/\/olelule.com\/wp-content\/uploads\/2020\/09\/Instagram-emblema-750x422.png 750w\" sizes=\"(max-width: 140px) 100vw, 140px\" \/><\/a>[\/vc_column_text][\/vc_column][\/vc_row][vc_row disable_element=&#8221;yes&#8221; css=&#8221;.vc_custom_1590054483715{margin-top: 0px !important;margin-bottom: 10px !important;border-top-width: 0px !important;padding-top: 0px !important;}&#8221;][vc_column width=&#8221;1\/4&#8243; css=&#8221;.vc_custom_1589800338787{margin-top: 0px !important;margin-bottom: 0px !important;border-top-width: 0px !important;border-bottom-width: 0px !important;padding-top: 0px !important;padding-bottom: 0px !important;}&#8221;][\/vc_column][vc_column width=&#8221;1\/2&#8243; css=&#8221;.vc_custom_1589800413850{margin-top: 0px !important;margin-bottom: 0px !important;border-top-width: 0px !important;border-bottom-width: 0px !important;padding-top: 0px !important;padding-bottom: 0px !important;}&#8221;][vc_column_text css=&#8221;.vc_custom_1605000610394{margin-top: 20px !important;margin-bottom: 20px !important;padding-top: 20px !important;padding-bottom: 20px !important;background-color: #efefef !important;}&#8221;]<\/p>\n<h2 style=\"text-align: center;\"><span style=\"color: red;\">NOTA IMPORTANT:<\/span><\/h2>\n<p style=\"text-align: center;\"><span style=\"color: red;\">Si el domicili d&#8217;entrega \u00e9s en alguna de les seg\u00fcents poblacions, <strong>el transport ser\u00e0 gratu\u00eft:<\/strong><br \/>\nGranollers, Cardedeu, Llinars del Vall\u00e8s, Santa Maria de Palautordera, Villalba Sasserra, Sant Celoni<br \/>\nVallgorguina, Campins, Arenys de Munt, Gualba, Breda, Riells i Viabrea, La Batll\u00f2ria, Tordera, Hostalric.<em>&lt;<\/em>\/span&gt;<\/span><\/p>\n<h2 style=\"text-align: center;\">Cup\u00f3 descompte: <span style=\"color: red;\">FreeDelivery<\/span><\/h2>\n<p>[\/vc_column_text]<div class=\"jas-promotion oh pr middle center\"><a href=\"https:\/\/olelule.bcnagency.com\/product-category\/tranparents-covid-19\/\" title=\"Protecci\u00f3 Covid-19\"><img width=\"943\" height=\"600\" src=\"https:\/\/olelule.com\/wp-content\/uploads\/2020\/05\/covid2_estoronline-copia.jpg\" class=\"w__100 ts__05\" alt=\"\" loading=\"lazy\" srcset=\"https:\/\/olelule.com\/wp-content\/uploads\/2020\/05\/covid2_estoronline-copia.jpg 943w, https:\/\/olelule.com\/wp-content\/uploads\/2020\/05\/covid2_estoronline-copia-300x191.jpg 300w, https:\/\/olelule.com\/wp-content\/uploads\/2020\/05\/covid2_estoronline-copia-150x95.jpg 150w, https:\/\/olelule.com\/wp-content\/uploads\/2020\/05\/covid2_estoronline-copia-768x489.jpg 768w, https:\/\/olelule.com\/wp-content\/uploads\/2020\/05\/covid2_estoronline-copia-470x299.jpg 470w, https:\/\/olelule.com\/wp-content\/uploads\/2020\/05\/covid2_estoronline-copia-750x477.jpg 750w\" sizes=\"(max-width: 943px) 100vw, 943px\" \/><\/a><div class=\"pa\"><\/div><\/div>[\/vc_column][vc_column width=&#8221;1\/4&#8243; css=&#8221;.vc_custom_1589800353205{margin-top: 0px !important;margin-bottom: 0px !important;border-top-width: 0px !important;border-bottom-width: 0px !important;padding-top: 0px !important;padding-bottom: 0px !important;}&#8221;][\/vc_column][\/vc_row][vc_row background_position=&#8221;center center&#8221; css=&#8221;.vc_custom_1589800385504{margin-top: 0px !important;margin-bottom: 0px !important;border-bottom-width: 0px !important;padding-bottom: 0px !important;}&#8221;][vc_column][vc_custom_heading divider=&#8221;yes&#8221; text=&#8221;HULES ENRIVETATS&#8221; font_container=&#8221;tag:h3|font_size:24|text_align:center|line_height:24px&#8221; use_theme_fonts=&#8221;yes&#8221; css_animation=&#8221;none&#8221; separator=&#8221;yes&#8221; css=&#8221;.vc_custom_1702294926885{margin-bottom: 20px !important;}&#8221;]<div class=\"jas-sc-blog \"><div class=\"jas-row\"><div class=\"jas-col-md-6 jas-col-sm-4 jas-col-xs-12 mb__40\"><article class=\"post-3019 post type-post status-publish format-standard has-post-thumbnail hentry category-uncategorized\"><a class=\"mb__15 db\" href=\"https:\/\/olelule.com\/es\/sobre-nosaltres\/\"><img src=\"https:\/\/olelule.com\/wp-content\/uploads\/2015\/12\/Captura-de-pantalla-2020-04-22-a-las-18.55.38-570x320.png\" width=\"570\" height=\"320\" alt=\"Sobre Olelule\" \/><\/a><div class=\"post-info mb__10\"><h4 class=\"mg__0 fs__16 mb__5 ls__0\"><a class=\"cd chp\" href=\"https:\/\/olelule.com\/es\/sobre-nosaltres\/\">Sobre Olelule<\/a><\/h4><span class=\"post-author mr__5\">By <span class=\"cd\">admin<\/span><\/span><span class=\"post-time\">on <span class=\"cd\"><time class=\"entry-date published updated\">viernes marzo 20th, 2020<\/time><\/span><\/span><\/div><div class=\"post-content\">Sorry, this entry is only available in Catal\u00e1n.<\/div><\/article><\/div><div class=\"jas-col-md-6 jas-col-sm-4 jas-col-xs-12 mb__40\"><article class=\"post-3018 post type-post status-publish format-gallery has-post-thumbnail hentry category-uncategorized post_format-post-format-gallery\"><a class=\"mb__15 db\" href=\"https:\/\/olelule.com\/es\/style-for-couple-in-weeding-season\/\"><img src=\"https:\/\/olelule.com\/wp-content\/uploads\/2020\/03\/e5ef6594-b6bb-4cf1-b29b-67e9a297b4f1-570x320.jpg\" width=\"570\" height=\"320\" alt=\"\u00bfNecesitas un tama\u00f1o personalizado?\" \/><\/a><div class=\"post-info mb__10\"><h4 class=\"mg__0 fs__16 mb__5 ls__0\"><a class=\"cd chp\" href=\"https:\/\/olelule.com\/es\/style-for-couple-in-weeding-season\/\">\u00bfNecesitas un tama\u00f1o personalizado?<\/a><\/h4><span class=\"post-author mr__5\">By <span class=\"cd\">admin<\/span><\/span><span class=\"post-time\">on <span class=\"cd\"><time class=\"entry-date published updated\">viernes marzo 20th, 2020<\/time><\/span><\/span><\/div><div class=\"post-content\">Si en la ficha del producto no encuentras la medida que buscas, puedes escribirnos a...<\/div><\/article><\/div><\/div><\/div>[\/vc_column][\/vc_row][vc_row fullwidth=&#8221;yes&#8221; css=&#8221;.vc_custom_1587587086691{margin-top: 10px !important;margin-bottom: 10px !important;border-top-width: 10px !important;border-bottom-width: 10px !important;padding-top: 10px !important;padding-bottom: 10px !important;}&#8221;][vc_column][vc_single_image image=&#8221;6040&#8243; img_size=&#8221;full&#8221;][\/vc_column][\/vc_row][vc_row css=&#8221;.vc_custom_1587574334824{padding-bottom: 25px !important;}&#8221;][vc_column width=&#8221;1\/3&#8243;]<div class=\"jas-service tl\"><div class=\"icon medium cp\" style=\"color: #9e9e9e;\"><i class=\"pe-7s-help2\"><\/i><\/div><div class=\"content\"><h3 class=\"title cp tu fs__14 mg__0 mb__5\" style=\"color: #222222;\">ATENCI\u00d3 AL CLIENT 24\/7<\/h3><p class=\"mg__0\">Contacti amb nosaltres 24\/7<\/p><\/div><\/div>[\/vc_column][vc_column width=&#8221;1\/3&#8243;]<div class=\"jas-service tl\"><div class=\"icon medium cp\" style=\"color: #9e9e9e;\"><i class=\"pe-7s-refresh\"><\/i><\/div><div class=\"content\"><h3 class=\"title cp tu fs__14 mg__0 mb__5\" style=\"color: #222222;\">30 DIES DEVOLUCIONS<\/h3><p class=\"mg__0\">30 dies per a devolucions d'articles<\/p><\/div><\/div>[\/vc_column][vc_column width=&#8221;1\/3&#8243;]<div class=\"jas-service tl\"><div class=\"icon medium cp\" style=\"color: #9e9e9e;\"><i class=\"pe-7s-door-lock\"><\/i><\/div><div class=\"content\"><h3 class=\"title cp tu fs__14 mg__0 mb__5\" style=\"color: #222222;\">100% PAGAMENT SEGUR<\/h3><p class=\"mg__0\">Disposem d'un protocol de pagament segur<\/p><\/div><\/div>[\/vc_column][\/vc_row][vc_row disable_element=&#8221;yes&#8221;][vc_column][vc_custom_heading divider=&#8221;yes&#8221; text=&#8221;@ SEGUIU-NOS A INSTAGRAM&#8221; font_container=&#8221;tag:h3|font_size:24|text_align:center|line_height:24px&#8221; use_theme_fonts=&#8221;yes&#8221; css_animation=&#8221;none&#8221; separator=&#8221;yes&#8221; css=&#8221;.vc_custom_1587573440906{margin-bottom: 20px !important;}&#8221;][vc_column_text]\t\t<div id=\"sbi_mod_error\" >\n\t\t\t<span>Este mensaje de error solo es visible para los administradores de WordPress<\/span><br \/>\n\t\t\t<p><strong>Error: No se ha encontrado ning\u00fan feed.<\/strong>\n\t\t\t<p>Por favor, ve a la p\u00e1gina de ajustes de Instagram Feed para crear un feed.<\/p>\n\t\t<\/div>\n\t\t[\/vc_column_text][\/vc_column][\/vc_row]<\/p>\n","protected":false},"excerpt":{"rendered":"<p>[vc_row fullwidth=&#8221;yes&#8221; equal_height=&#8221;yes&#8221; css=&#8221;.vc_custom_1599657944269{margin-top: 0px !important;margin-bottom: 0px !important;border-top-width: 0px !important;border-bottom-width: 0px !important;padding-top: 0px !important;padding-bottom: 0px !important;background-color: #f8f8fa !important;}&#8221;][vc_column][vc_column_text css=&#8221;.vc_custom_1591644502235{margin-top: 0px !important;margin-bottom: 0px !important;border-top-width: 0px !important;border-bottom-width: 0px !important;padding-top: 0px !important;padding-bottom: 0px !important;}&#8221;] Productes Olelule [\/vc_column_text][vc_single_image image=&#8221;7964&#8243; img_size=&#8221;full&#8221; alignment=&#8221;center&#8221; css=&#8221;.vc_custom_1636762417817{margin-top: 0px !important;margin-bottom: 0px !important;border-top-width: 0px !important;border-bottom-width: 0px !important;padding-top: 0px !important;padding-bottom: 0px !important;}&#8221;][vc_column_text css=&#8221;.vc_custom_1599657935640{margin-top: 0px !important;margin-bottom: 0px !important;border-top-width: [&hellip;]<\/p>\n","protected":false},"author":1,"featured_media":0,"parent":0,"menu_order":0,"comment_status":"closed","ping_status":"closed","template":"","meta":[],"yoast_head":"<!-- This site is optimized with the Yoast SEO plugin v17.5 - https:\/\/yoast.com\/wordpress\/plugins\/seo\/ -->\n<title><\/title>\n<meta name=\"description\" content=\"{:ca}ules de plastico, hules de mesa rectangular, hules de plastico transparente, ules de plastico impermeable para mesa, hules de de mesa rectangular plastico, hules de plasticos baratos, ules de mesa, hules de mesa rectangular plastico,hules para mesas cocina, ules para mesa, hules para mesa rectangular modernos, hules para mesas, ules para mesas exterior, hules para mesa rectangular, hules para mesa redonda, ules para mesas de plastico, hules para mesas cocina plastico, ules para mesas cocina barato{:}\" \/>\n<meta name=\"robots\" content=\"index, follow, max-snippet:-1, max-image-preview:large, max-video-preview:-1\" \/>\n<link rel=\"canonical\" href=\"https:\/\/olelule.com\/\" \/>\n<meta property=\"og:locale\" content=\"es_ES\" \/>\n<meta property=\"og:type\" content=\"article\" \/>\n<meta property=\"og:title\" content=\"[:ca]Olelule | Estovalles d&#039;hule estores i altres articles t\u00e8xtils, Hules Hules pl\u00e1stico, Ules mesas, Protectores mesa, Alfombras[:]\" \/>\n<meta property=\"og:description\" content=\"{:ca}ules de plastico, hules de mesa rectangular, hules de plastico transparente, ules de plastico impermeable para mesa, hules de de mesa rectangular plastico, hules de plasticos baratos, ules de mesa, hules de mesa rectangular plastico,hules para mesas cocina, ules para mesa, hules para mesa rectangular modernos, hules para mesas, ules para mesas exterior, hules para mesa rectangular, hules para mesa redonda, ules para mesas de plastico, hules para mesas cocina plastico, ules para mesas cocina barato{:}\" \/>\n<meta property=\"og:url\" content=\"https:\/\/olelule.com\/\" \/>\n<meta property=\"og:site_name\" content=\"Olelule\" \/>\n<meta property=\"article:modified_time\" content=\"2023-12-11T11:42:11+00:00\" \/>\n<meta property=\"og:image\" content=\"https:\/\/olelule.com\/wp-content\/uploads\/2020\/09\/Instagram-emblema-300x169.png\" \/>\n<meta name=\"twitter:card\" content=\"summary_large_image\" \/>\n<meta name=\"twitter:label1\" content=\"Tiempo de lectura\" \/>\n\t<meta name=\"twitter:data1\" content=\"2 minutos\" \/>\n<script type=\"application\/ld+json\" class=\"yoast-schema-graph\">{\"@context\":\"https:\/\/schema.org\",\"@graph\":[{\"@type\":\"WebSite\",\"@id\":\"https:\/\/olelule.com\/#website\",\"url\":\"https:\/\/olelule.com\/\",\"name\":\"Olelule\",\"description\":\"Estovalles d&#039;hule i altres articles t\\u00e8xtils\",\"potentialAction\":[{\"@type\":\"SearchAction\",\"target\":{\"@type\":\"EntryPoint\",\"urlTemplate\":\"https:\/\/olelule.com\/?s={search_term_string}\"},\"query-input\":\"required name=search_term_string\"}],\"inLanguage\":\"es\"},{\"@type\":\"ImageObject\",\"@id\":\"https:\/\/olelule.com\/#primaryimage\",\"inLanguage\":\"es\",\"url\":\"https:\/\/olelule.com\/wp-content\/uploads\/2020\/09\/Instagram-emblema.png\",\"contentUrl\":\"https:\/\/olelule.com\/wp-content\/uploads\/2020\/09\/Instagram-emblema.png\",\"width\":4128,\"height\":2322},{\"@type\":\"WebPage\",\"@id\":\"https:\/\/olelule.com\/#webpage\",\"url\":\"https:\/\/olelule.com\/\",\"name\":\"[:ca]Olelule | Estovalles d'hule estores i altres articles t\\u00e8xtils, Hules Hules pl\\u00e1stico, Ules mesas, Protectores mesa, Alfombras[:]\",\"isPartOf\":{\"@id\":\"https:\/\/olelule.com\/#website\"},\"primaryImageOfPage\":{\"@id\":\"https:\/\/olelule.com\/#primaryimage\"},\"datePublished\":\"2016-04-05T15:20:39+00:00\",\"dateModified\":\"2023-12-11T11:42:11+00:00\",\"description\":\"{:ca}ules de plastico, hules de mesa rectangular, hules de plastico transparente, ules de plastico impermeable para mesa, hules de de mesa rectangular plastico, hules de plasticos baratos, ules de mesa, hules de mesa rectangular plastico,hules para mesas cocina, ules para mesa, hules para mesa rectangular modernos, hules para mesas, ules para mesas exterior, hules para mesa rectangular, hules para mesa redonda, ules para mesas de plastico, hules para mesas cocina plastico, ules para mesas cocina barato{:}\",\"breadcrumb\":{\"@id\":\"https:\/\/olelule.com\/#breadcrumb\"},\"inLanguage\":\"es\",\"potentialAction\":[{\"@type\":\"ReadAction\",\"target\":[\"https:\/\/olelule.com\/\"]}]},{\"@type\":\"BreadcrumbList\",\"@id\":\"https:\/\/olelule.com\/#breadcrumb\",\"itemListElement\":[{\"@type\":\"ListItem\",\"position\":1,\"name\":\"Inici\",\"item\":\"https:\/\/olelule.com\/\"},{\"@type\":\"ListItem\",\"position\":2,\"name\":\"Olelule\"}]}]}<\/script>\n<!-- \/ Yoast SEO plugin. -->","yoast_head_json":{"title":"[:ca]Olelule | Estovalles d'hule estores i altres articles t\u00e8xtils, Hules Hules pl\u00e1stico, Ules mesas, Protectores mesa, Alfombras[:]","description":"{:ca}ules de plastico, hules de mesa rectangular, hules de plastico transparente, ules de plastico impermeable para mesa, hules de de mesa rectangular plastico, hules de plasticos baratos, ules de mesa, hules de mesa rectangular plastico,hules para mesas cocina, ules para mesa, hules para mesa rectangular modernos, hules para mesas, ules para mesas exterior, hules para mesa rectangular, hules para mesa redonda, ules para mesas de plastico, hules para mesas cocina plastico, ules para mesas cocina barato{:}","robots":{"index":"index","follow":"follow","max-snippet":"max-snippet:-1","max-image-preview":"max-image-preview:large","max-video-preview":"max-video-preview:-1"},"canonical":"https:\/\/olelule.com\/","og_locale":"es_ES","og_type":"article","og_title":"[:ca]Olelule | Estovalles d'hule estores i altres articles t\u00e8xtils, Hules Hules pl\u00e1stico, Ules mesas, Protectores mesa, Alfombras[:]","og_description":"{:ca}ules de plastico, hules de mesa rectangular, hules de plastico transparente, ules de plastico impermeable para mesa, hules de de mesa rectangular plastico, hules de plasticos baratos, ules de mesa, hules de mesa rectangular plastico,hules para mesas cocina, ules para mesa, hules para mesa rectangular modernos, hules para mesas, ules para mesas exterior, hules para mesa rectangular, hules para mesa redonda, ules para mesas de plastico, hules para mesas cocina plastico, ules para mesas cocina barato{:}","og_url":"https:\/\/olelule.com\/","og_site_name":"Olelule","article_modified_time":"2023-12-11T11:42:11+00:00","og_image":[{"url":"https:\/\/olelule.com\/wp-content\/uploads\/2020\/09\/Instagram-emblema-300x169.png"}],"twitter_card":"summary_large_image","twitter_misc":{"Tiempo de lectura":"2 minutos"},"schema":{"@context":"https:\/\/schema.org","@graph":[{"@type":"WebSite","@id":"https:\/\/olelule.com\/#website","url":"https:\/\/olelule.com\/","name":"Olelule","description":"Estovalles d&#039;hule i altres articles t\u00e8xtils","potentialAction":[{"@type":"SearchAction","target":{"@type":"EntryPoint","urlTemplate":"https:\/\/olelule.com\/?s={search_term_string}"},"query-input":"required name=search_term_string"}],"inLanguage":"es"},{"@type":"ImageObject","@id":"https:\/\/olelule.com\/#primaryimage","inLanguage":"es","url":"https:\/\/olelule.com\/wp-content\/uploads\/2020\/09\/Instagram-emblema.png","contentUrl":"https:\/\/olelule.com\/wp-content\/uploads\/2020\/09\/Instagram-emblema.png","width":4128,"height":2322},{"@type":"WebPage","@id":"https:\/\/olelule.com\/#webpage","url":"https:\/\/olelule.com\/","name":"[:ca]Olelule | Estovalles d'hule estores i altres articles t\u00e8xtils, Hules Hules pl\u00e1stico, Ules mesas, Protectores mesa, Alfombras[:]","isPartOf":{"@id":"https:\/\/olelule.com\/#website"},"primaryImageOfPage":{"@id":"https:\/\/olelule.com\/#primaryimage"},"datePublished":"2016-04-05T15:20:39+00:00","dateModified":"2023-12-11T11:42:11+00:00","description":"{:ca}ules de plastico, hules de mesa rectangular, hules de plastico transparente, ules de plastico impermeable para mesa, hules de de mesa rectangular plastico, hules de plasticos baratos, ules de mesa, hules de mesa rectangular plastico,hules para mesas cocina, ules para mesa, hules para mesa rectangular modernos, hules para mesas, ules para mesas exterior, hules para mesa rectangular, hules para mesa redonda, ules para mesas de plastico, hules para mesas cocina plastico, ules para mesas cocina barato{:}","breadcrumb":{"@id":"https:\/\/olelule.com\/#breadcrumb"},"inLanguage":"es","potentialAction":[{"@type":"ReadAction","target":["https:\/\/olelule.com\/"]}]},{"@type":"BreadcrumbList","@id":"https:\/\/olelule.com\/#breadcrumb","itemListElement":[{"@type":"ListItem","position":1,"name":"Inici","item":"https:\/\/olelule.com\/"},{"@type":"ListItem","position":2,"name":"Olelule"}]}]}},"_links":{"self":[{"href":"https:\/\/olelule.com\/es\/wp-json\/wp\/v2\/pages\/4082"}],"collection":[{"href":"https:\/\/olelule.com\/es\/wp-json\/wp\/v2\/pages"}],"about":[{"href":"https:\/\/olelule.com\/es\/wp-json\/wp\/v2\/types\/page"}],"author":[{"embeddable":true,"href":"https:\/\/olelule.com\/es\/wp-json\/wp\/v2\/users\/1"}],"replies":[{"embeddable":true,"href":"https:\/\/olelule.com\/es\/wp-json\/wp\/v2\/comments?post=4082"}],"version-history":[{"count":95,"href":"https:\/\/olelule.com\/es\/wp-json\/wp\/v2\/pages\/4082\/revisions"}],"predecessor-version":[{"id":8347,"href":"https:\/\/olelule.com\/es\/wp-json\/wp\/v2\/pages\/4082\/revisions\/8347"}],"wp:attachment":[{"href":"https:\/\/olelule.com\/es\/wp-json\/wp\/v2\/media?parent=4082"}],"curies":[{"name":"wp","href":"https:\/\/api.w.org\/{rel}","templated":true}]}}